{"id":7859,"date":"2023-01-18T18:03:23","date_gmt":"2023-01-18T16:03:23","guid":{"rendered":"https:\/\/dev.zezz.ee\/garden\/toode\/pulmonaria-raspberry-splash\/"},"modified":"2026-03-07T12:40:30","modified_gmt":"2026-03-07T10:40:30","slug":"pulmonaria-raspberry-splash","status":"publish","type":"product","link":"https:\/\/dev.garden.ee\/en\/product\/pulmonaria-raspberry-splash\/","title":{"rendered":"Pulmonaria &#8216;Raspberry Splash&#8217;"},"content":{"rendered":"<input class=\"fooboxshare_post_id\" type=\"hidden\" value=\"7859\"\/>","protected":false},"excerpt":{"rendered":"<p>Hooldusvaba ning haiguskindel pinnakatja. H\u00f5beroheline lehestik p\u00fcsib pikalt dekoratiivsena. Pehmete talvede korral v\u00f5ib p\u00fcsida lausa igihaljana. Kevade l\u00f5pul ning suve algul taime kaunistavad \u00f5ied paiknevad taimel rikkalikult. Ere v\u00e4rv on nimele vastavalt vaarikasegune kuni sinakas. \u00d5ied meelitavad edukalt ligi tolmendajaid. Kasvavad k\u00f5ige paremini osalise v\u00f5i t\u00e4ieliku varjuga alal, jahedates ja toitainerikastes muldades. V\u00e4ltida kuiva. \u00d5ievarred p\u00e4rast \u00f5isemist tagasi l\u00f5igata &#8211; see s\u00e4ilitab pikemalt kauni ning terve lehestiku.<\/p>","protected":false},"featured_media":7860,"template":"","meta":[],"product_brand":[],"product_cat":[6934,4406,9200,4401,4412,22],"product_tag":[],"class_list":{"0":"post-7859","1":"product","2":"type-product","3":"status-publish","4":"has-post-thumbnail","6":"product_cat-mesilassobralik-aed","7":"product_cat-park","8":"product_cat-pinnakatjad","9":"product_cat-pusikud","10":"product_cat-varjuaed","11":"product_cat-taimed","12":"pa_haiguskindlus-vaga-hea","13":"pa_moodud-k-25-30-cm-l-40-60-cm","14":"pa_oie-varv-sinine","15":"pa_oitsemise-aeg-mai-juuni","16":"pa_tsoon-z-3-9","17":"pa_variatsioon-suurem-pott","18":"pa_variatsioon-vaiksem-pott","20":"first","21":"outofstock","22":"purchasable","23":"product-type-variable"},"acf":[],"_links":{"self":[{"href":"https:\/\/dev.garden.ee\/en\/wp-json\/wp\/v2\/product\/7859","targetHints":{"allow":["GET"]}}],"collection":[{"href":"https:\/\/dev.garden.ee\/en\/wp-json\/wp\/v2\/product"}],"about":[{"href":"https:\/\/dev.garden.ee\/en\/wp-json\/wp\/v2\/types\/product"}],"wp:featuredmedia":[{"embeddable":true,"href":"https:\/\/dev.garden.ee\/en\/wp-json\/wp\/v2\/media\/7860"}],"wp:attachment":[{"href":"https:\/\/dev.garden.ee\/en\/wp-json\/wp\/v2\/media?parent=7859"}],"wp:term":[{"taxonomy":"product_brand","embeddable":true,"href":"https:\/\/dev.garden.ee\/en\/wp-json\/wp\/v2\/product_brand?post=7859"},{"taxonomy":"product_cat","embeddable":true,"href":"https:\/\/dev.garden.ee\/en\/wp-json\/wp\/v2\/product_cat?post=7859"},{"taxonomy":"product_tag","embeddable":true,"href":"https:\/\/dev.garden.ee\/en\/wp-json\/wp\/v2\/product_tag?post=7859"}],"curies":[{"name":"wp","href":"https:\/\/api.w.org\/{rel}","templated":true}]}}