{"id":7854,"date":"2023-01-18T18:03:20","date_gmt":"2023-01-18T16:03:20","guid":{"rendered":"https:\/\/dev.zezz.ee\/garden\/toode\/pulmonaria-majeste-uus\/"},"modified":"2026-03-07T12:36:40","modified_gmt":"2026-03-07T10:36:40","slug":"pulmonaria-majeste","status":"publish","type":"product","link":"https:\/\/dev.garden.ee\/en\/product\/pulmonaria-majeste\/","title":{"rendered":"Pulmonaria &#8216;Majest\u00e9&#8217;"},"content":{"rendered":"<input class=\"fooboxshare_post_id\" type=\"hidden\" value=\"7854\"\/>","protected":false},"excerpt":{"rendered":"<p>Madalakasvuline, kuni 30 cm k\u00f5rguseks kasvav taim, mis levib aeglaselt t\u00e4nu enda roomavatele juurtele. Hea pinnakatja. Kergesti hooldatav ning haiguskindel. Sobib varjulisele alale. Lehestik dekoratiivne, h\u00f5bedaselt roheline, mustritega. Lehed lineaalsed, teravate tippudega ning kergelt lainjad. Kellukataoliste \u00f5ite v\u00e4rv varieerub sinakast roosani. \u00d5ied paiknevad l\u00fchikeste \u00f5ievarte tippudes ja on rippuvad. \u00d5itseb hiliskevadel, varasuvel. Imeilus p\u00fcsik.<\/p>","protected":false},"featured_media":7855,"template":"","meta":[],"product_brand":[],"product_cat":[6934,4406,9200,4401,4412,22],"product_tag":[],"class_list":{"0":"post-7854","1":"product","2":"type-product","3":"status-publish","4":"has-post-thumbnail","6":"product_cat-mesilassobralik-aed","7":"product_cat-park","8":"product_cat-pinnakatjad","9":"product_cat-pusikud","10":"product_cat-varjuaed","11":"product_cat-taimed","12":"pa_haiguskindlus-vaga-hea","13":"pa_moodud-k-20-30-cm-l-30-60-cm","14":"pa_oie-varv-sinine","15":"pa_oitsemise-aeg-mai-juuni","16":"pa_tsoon-z-3-9","17":"pa_variatsioon-suurem-pott","18":"pa_variatsioon-vaiksem-pott","20":"first","21":"outofstock","22":"purchasable","23":"product-type-variable"},"acf":[],"_links":{"self":[{"href":"https:\/\/dev.garden.ee\/en\/wp-json\/wp\/v2\/product\/7854","targetHints":{"allow":["GET"]}}],"collection":[{"href":"https:\/\/dev.garden.ee\/en\/wp-json\/wp\/v2\/product"}],"about":[{"href":"https:\/\/dev.garden.ee\/en\/wp-json\/wp\/v2\/types\/product"}],"wp:featuredmedia":[{"embeddable":true,"href":"https:\/\/dev.garden.ee\/en\/wp-json\/wp\/v2\/media\/7855"}],"wp:attachment":[{"href":"https:\/\/dev.garden.ee\/en\/wp-json\/wp\/v2\/media?parent=7854"}],"wp:term":[{"taxonomy":"product_brand","embeddable":true,"href":"https:\/\/dev.garden.ee\/en\/wp-json\/wp\/v2\/product_brand?post=7854"},{"taxonomy":"product_cat","embeddable":true,"href":"https:\/\/dev.garden.ee\/en\/wp-json\/wp\/v2\/product_cat?post=7854"},{"taxonomy":"product_tag","embeddable":true,"href":"https:\/\/dev.garden.ee\/en\/wp-json\/wp\/v2\/product_tag?post=7854"}],"curies":[{"name":"wp","href":"https:\/\/api.w.org\/{rel}","templated":true}]}}