{"id":7824,"date":"2023-01-18T18:03:05","date_gmt":"2023-01-18T16:03:05","guid":{"rendered":"https:\/\/dev.zezz.ee\/garden\/toode\/hekikaarid-kahefaasilised-corona-uus\/"},"modified":"2023-03-10T15:50:30","modified_gmt":"2023-03-10T13:50:30","slug":"hekikaarid-kahefaasilised-corona-uus","status":"publish","type":"product","link":"https:\/\/dev.garden.ee\/en\/product\/hekikaarid-kahefaasilised-corona-uus\/","title":{"rendered":"Hekik\u00e4\u00e4rid kahefaasilised &#8211; Corona"},"content":{"rendered":"<input class=\"fooboxshare_post_id\" type=\"hidden\" value=\"7824\"\/>","protected":false},"excerpt":{"rendered":"<p>Kahefaasilised hekik\u00e4\u00e4rid v\u00f5imaldavad teostada hekil\u00f5ikust tulemusega, mida oskavad hinnata ka oma ala professionaalid. Suurendatud l\u00f5ikej\u00f5ud on saadud t\u00e4nu patenteeritud tera konstruktsioonile. Profesionaalselt valmistatud terad tagavad kauakestva teravuse ning neid on lihtne teritada. K\u00e4\u00e4rised on tugev terasest konstruktsioon.\u00a0Tugevad trapetsikujulised k\u00e4epidemed ning \u00e4\u00e4rmiselt mugav haare v\u00f5imaldavad l\u00f5ikusel head kontrolli.\u00a0Mugavad k\u00e4epidemed sobivad erineva suurusega k\u00e4tele. Integreeritud p\u00f5rutuss\u00fcsteemiga v\u00e4hendatakse v\u00e4simust k\u00e4tes ning \u00f5lgades.<\/p>\n<p><span lang=\"et\">Tera pikkus 25,5 cm ning<\/span><span lang=\"et\">\u00a0terasest k\u00e4epidemed\u00a032 cm.<\/span><\/p>","protected":false},"featured_media":7825,"template":"","meta":[],"product_brand":[],"product_cat":[4403,4417,4418],"product_tag":[],"class_list":{"0":"post-7824","1":"product","2":"type-product","3":"status-publish","4":"has-post-thumbnail","6":"product_cat-kodu","7":"product_cat-tarvikud","8":"product_cat-tooriistad-ja-abivahendid","9":"pa_variatsioon-kaarid","11":"first","12":"outofstock","13":"product-type-variable"},"acf":[],"_links":{"self":[{"href":"https:\/\/dev.garden.ee\/en\/wp-json\/wp\/v2\/product\/7824","targetHints":{"allow":["GET"]}}],"collection":[{"href":"https:\/\/dev.garden.ee\/en\/wp-json\/wp\/v2\/product"}],"about":[{"href":"https:\/\/dev.garden.ee\/en\/wp-json\/wp\/v2\/types\/product"}],"wp:featuredmedia":[{"embeddable":true,"href":"https:\/\/dev.garden.ee\/en\/wp-json\/wp\/v2\/media\/7825"}],"wp:attachment":[{"href":"https:\/\/dev.garden.ee\/en\/wp-json\/wp\/v2\/media?parent=7824"}],"wp:term":[{"taxonomy":"product_brand","embeddable":true,"href":"https:\/\/dev.garden.ee\/en\/wp-json\/wp\/v2\/product_brand?post=7824"},{"taxonomy":"product_cat","embeddable":true,"href":"https:\/\/dev.garden.ee\/en\/wp-json\/wp\/v2\/product_cat?post=7824"},{"taxonomy":"product_tag","embeddable":true,"href":"https:\/\/dev.garden.ee\/en\/wp-json\/wp\/v2\/product_tag?post=7824"}],"curies":[{"name":"wp","href":"https:\/\/api.w.org\/{rel}","templated":true}]}}