{"id":7780,"date":"2023-01-18T18:02:47","date_gmt":"2023-01-18T16:02:47","guid":{"rendered":"https:\/\/dev.zezz.ee\/garden\/toode\/felicite-parmentier\/"},"modified":"2026-02-10T18:14:18","modified_gmt":"2026-02-10T16:14:18","slug":"felicite-parmentier","status":"publish","type":"product","link":"https:\/\/dev.garden.ee\/en\/product\/felicite-parmentier\/","title":{"rendered":"F\u00e9licit\u00e9 Parmentier"},"content":{"rendered":"<input class=\"fooboxshare_post_id\" type=\"hidden\" value=\"7780\"\/>","protected":false},"excerpt":{"rendered":"<p>Puhas roosiroosa, mis hiljem muutub heledamaks roosaks kroonlehtede \u00e4\u00e4rtel. Kompaktne, k\u00f5rgem p\u00f5\u00f5sas, mis kannab tihedaid t\u00e4idis\u00f5isi tugeva magusa l\u00f5hnaga.\u00a0V\u00e4ga terve, l\u00e4ikiva, tumeda lehestikuga roos, mis sobib ideaalselt peenra tahaossa\u00a0v\u00f5i lihtsalt\u00a0teiste p\u00f5\u00f5sasrooside kaaslaseks. Kannatab m\u00f5nev\u00f5rra varjulisemat kohta.<\/p>","protected":false},"featured_media":7781,"template":"","meta":[],"product_brand":[],"product_cat":[4415,4414,4416,4402,22],"product_tag":[9417],"class_list":{"0":"post-7780","1":"product","2":"type-product","3":"status-publish","4":"has-post-thumbnail","6":"product_cat-lilleaed","7":"product_cat-lohnaaed","8":"product_cat-roosiaed","9":"product_cat-roosid","10":"product_cat-taimed","11":"product_tag-soodushind-50","12":"pa_aretus-parmentier","13":"pa_avalikustamisaasta-2603","14":"pa_haiguskindlus-hea","15":"pa_kasvukorgus-100-130-cm","16":"pa_laius-100-120-cm","17":"pa_lisainfo-sobib-lohnaaeda","18":"pa_lisainfo-sobib-osalise-varjuga-kasvualale","19":"pa_lohn-tugev","20":"pa_lohn-vana-roos","21":"pa_oie-suurus-keskmine","22":"pa_oie-varv-roosa","23":"pa_oietuup-taidisois","24":"pa_oitsemine-uhekordne-oitsemine","25":"pa_sort-vanaaegne-roos","26":"pa_taimede-arvestus-ruutmeetri-9220","27":"pa_talvekindlus-hea","28":"pa_variatsioon-paljasjuurne-ainult-kevadel","29":"pa_variatsioon-potis-4-6l","30":"pa_variatsioon-potis-4-6l-suvel-ja-sugisel","31":"pa_variatsioon-potis-4-6l-soodushind-50","33":"first","34":"outofstock","35":"sale","36":"purchasable","37":"product-type-variable"},"acf":[],"_links":{"self":[{"href":"https:\/\/dev.garden.ee\/en\/wp-json\/wp\/v2\/product\/7780","targetHints":{"allow":["GET"]}}],"collection":[{"href":"https:\/\/dev.garden.ee\/en\/wp-json\/wp\/v2\/product"}],"about":[{"href":"https:\/\/dev.garden.ee\/en\/wp-json\/wp\/v2\/types\/product"}],"wp:featuredmedia":[{"embeddable":true,"href":"https:\/\/dev.garden.ee\/en\/wp-json\/wp\/v2\/media\/7781"}],"wp:attachment":[{"href":"https:\/\/dev.garden.ee\/en\/wp-json\/wp\/v2\/media?parent=7780"}],"wp:term":[{"taxonomy":"product_brand","embeddable":true,"href":"https:\/\/dev.garden.ee\/en\/wp-json\/wp\/v2\/product_brand?post=7780"},{"taxonomy":"product_cat","embeddable":true,"href":"https:\/\/dev.garden.ee\/en\/wp-json\/wp\/v2\/product_cat?post=7780"},{"taxonomy":"product_tag","embeddable":true,"href":"https:\/\/dev.garden.ee\/en\/wp-json\/wp\/v2\/product_tag?post=7780"}],"curies":[{"name":"wp","href":"https:\/\/api.w.org\/{rel}","templated":true}]}}