{"id":7755,"date":"2023-01-18T18:02:32","date_gmt":"2023-01-18T16:02:32","guid":{"rendered":"https:\/\/dev.zezz.ee\/garden\/toode\/phlox-paniculata-younique-old-pink\/"},"modified":"2026-03-05T21:26:39","modified_gmt":"2026-03-05T19:26:39","slug":"phlox-paniculata-younique-old-pink","status":"publish","type":"product","link":"https:\/\/dev.garden.ee\/en\/product\/phlox-paniculata-younique-old-pink\/","title":{"rendered":"Phlox paniculata &#8216;Younique Old Pink&#8217;"},"content":{"rendered":"<input class=\"fooboxshare_post_id\" type=\"hidden\" value=\"7755\"\/>","protected":false},"excerpt":{"rendered":"<p>Kompaktse kasvukuju ja v\u00e4ga rikkaliku \u00f5itsemisega leeklille sort. Selle imeilusad roosad \u00f5ied on l\u00f5hnavad ja s\u00fcdamiku \u00fcmbert kergelt valkjad. K\u00f5ige paremini kasvab lausp\u00e4ikeselisel alal, huumusrikkas pinnases. Hea iga n\u00e4dala tagant kasta, ekstreemse palavuse korral v\u00f5i konteineris kasvatades sagedamini. Hinnatud v\u00e4ga vastupidavaks leeklilli ohustavatele haigustele. \u00d5itsemisaja pikendamiseks tuleks \u00f5itsenud \u00f5ied \u00e4ra l\u00f5igata.<\/p>","protected":false},"featured_media":7756,"template":"","meta":[],"product_brand":[],"product_cat":[4415,6934,4401,22],"product_tag":[],"class_list":{"0":"post-7755","1":"product","2":"type-product","3":"status-publish","4":"has-post-thumbnail","6":"product_cat-lilleaed","7":"product_cat-mesilassobralik-aed","8":"product_cat-pusikud","9":"product_cat-taimed","10":"pa_haiguskindlus-vaga-hea","11":"pa_lohn-lohnav","12":"pa_moodud-k-35-40-cm-l-35-45-cm","13":"pa_oie-varv-roosa","14":"pa_oitsemise-aeg-juuni-juuli","15":"pa_talvekindlus-vaga-hea","16":"pa_tsoon-z-5-9","17":"pa_variatsioon-suurem-pott","19":"first","20":"outofstock","21":"purchasable","22":"product-type-variable"},"acf":[],"_links":{"self":[{"href":"https:\/\/dev.garden.ee\/en\/wp-json\/wp\/v2\/product\/7755","targetHints":{"allow":["GET"]}}],"collection":[{"href":"https:\/\/dev.garden.ee\/en\/wp-json\/wp\/v2\/product"}],"about":[{"href":"https:\/\/dev.garden.ee\/en\/wp-json\/wp\/v2\/types\/product"}],"wp:featuredmedia":[{"embeddable":true,"href":"https:\/\/dev.garden.ee\/en\/wp-json\/wp\/v2\/media\/7756"}],"wp:attachment":[{"href":"https:\/\/dev.garden.ee\/en\/wp-json\/wp\/v2\/media?parent=7755"}],"wp:term":[{"taxonomy":"product_brand","embeddable":true,"href":"https:\/\/dev.garden.ee\/en\/wp-json\/wp\/v2\/product_brand?post=7755"},{"taxonomy":"product_cat","embeddable":true,"href":"https:\/\/dev.garden.ee\/en\/wp-json\/wp\/v2\/product_cat?post=7755"},{"taxonomy":"product_tag","embeddable":true,"href":"https:\/\/dev.garden.ee\/en\/wp-json\/wp\/v2\/product_tag?post=7755"}],"curies":[{"name":"wp","href":"https:\/\/api.w.org\/{rel}","templated":true}]}}