{"id":7747,"date":"2023-01-18T18:02:26","date_gmt":"2023-01-18T16:02:26","guid":{"rendered":"https:\/\/dev.zezz.ee\/garden\/toode\/primula-denticulata\/"},"modified":"2026-03-07T11:56:33","modified_gmt":"2026-03-07T09:56:33","slug":"primula-denticulata","status":"publish","type":"product","link":"https:\/\/dev.garden.ee\/en\/product\/primula-denticulata\/","title":{"rendered":"Primula denticulata"},"content":{"rendered":"<input class=\"fooboxshare_post_id\" type=\"hidden\" value=\"7747\"\/>","protected":false},"excerpt":{"rendered":"<p>Hambulislehiseid priimulaid kutsutakse \u00f5isiku kuju t\u00f5ttu ka kerapriimulateks. Kollaste silmadega helelillad \u00f5ied moodustavad kauneid pallikesi, mis on eriti efektsed massistutusena. Taim on \u00fcsna vastupidav, armastab viljakat niisket mulda ja pigem varjukamat paika. Lillakas \u00f5iekera ilmub mullast p\u00e4rast lumikellukeste \u00f5itsemist. \u00c4ra\u00f5itsenud \u00f5ied ja kollaseks t\u00f5mbunud lehed on soovitatav eemaldada. Paljundada saab juurepistikutega v\u00f5i jagamise teel (p\u00e4rast \u00f5itsemist).<\/p>","protected":false},"featured_media":7748,"template":"","meta":[],"product_brand":[],"product_cat":[4406,4401,4409,4392,4412,22],"product_tag":[],"class_list":{"0":"post-7747","1":"product","2":"type-product","3":"status-publish","4":"has-post-thumbnail","6":"product_cat-park","7":"product_cat-pusikud","8":"product_cat-tiigiaed","9":"product_cat-tiigitaimed","10":"product_cat-varjuaed","11":"product_cat-taimed","12":"pa_haiguskindlus-vaga-hea","13":"pa_moodud-k-20-30-cm-l-20-30-cm","14":"pa_oie-varv-mitmevarviline","15":"pa_oitsemise-aeg-mai","16":"pa_talvekindlus-hea","17":"pa_tsoon-2-8","18":"pa_variatsioon-suurem-pott","20":"first","21":"outofstock","22":"purchasable","23":"product-type-variable"},"acf":[],"_links":{"self":[{"href":"https:\/\/dev.garden.ee\/en\/wp-json\/wp\/v2\/product\/7747","targetHints":{"allow":["GET"]}}],"collection":[{"href":"https:\/\/dev.garden.ee\/en\/wp-json\/wp\/v2\/product"}],"about":[{"href":"https:\/\/dev.garden.ee\/en\/wp-json\/wp\/v2\/types\/product"}],"wp:featuredmedia":[{"embeddable":true,"href":"https:\/\/dev.garden.ee\/en\/wp-json\/wp\/v2\/media\/7748"}],"wp:attachment":[{"href":"https:\/\/dev.garden.ee\/en\/wp-json\/wp\/v2\/media?parent=7747"}],"wp:term":[{"taxonomy":"product_brand","embeddable":true,"href":"https:\/\/dev.garden.ee\/en\/wp-json\/wp\/v2\/product_brand?post=7747"},{"taxonomy":"product_cat","embeddable":true,"href":"https:\/\/dev.garden.ee\/en\/wp-json\/wp\/v2\/product_cat?post=7747"},{"taxonomy":"product_tag","embeddable":true,"href":"https:\/\/dev.garden.ee\/en\/wp-json\/wp\/v2\/product_tag?post=7747"}],"curies":[{"name":"wp","href":"https:\/\/api.w.org\/{rel}","templated":true}]}}