{"id":7744,"date":"2023-01-18T18:02:24","date_gmt":"2023-01-18T16:02:24","guid":{"rendered":"https:\/\/dev.zezz.ee\/garden\/toode\/primula-veris-sunset-shades\/"},"modified":"2026-03-07T12:15:11","modified_gmt":"2026-03-07T10:15:11","slug":"primula-veris-sunset-shades","status":"publish","type":"product","link":"https:\/\/dev.garden.ee\/en\/product\/primula-veris-sunset-shades\/","title":{"rendered":"Primula veris &#8216;Sunset Shades&#8217;"},"content":{"rendered":"<input class=\"fooboxshare_post_id\" type=\"hidden\" value=\"7744\"\/>","protected":false},"excerpt":{"rendered":"<p>Harilik nurmenukk &#8216;Sunset Shades&#8217; meenutab vormilt meie looduslikku nurmenukku. \u00d5ietoonides, nagu nimetuski \u00fctleb, segunevad soojad kollased, oran\u017eid ja punakad v\u00e4rvid.\u00a0On vastupidav ja v\u00e4hen\u00f5udlik. Eelistab osaliselt varjus, niiske mullaga kasvukohta.\u00a0\u00d5itseb kevadel. Jagamiseks on parim aeg varas\u00fcgisel. On hea iseseemenduja, kuid seemned valmivad pikalt &#8211; s\u00fcgiseks.<\/p>","protected":false},"featured_media":7745,"template":"","meta":[],"product_brand":[],"product_cat":[4406,4401,4409,4392,4412,22],"product_tag":[],"class_list":{"0":"post-7744","1":"product","2":"type-product","3":"status-publish","4":"has-post-thumbnail","6":"product_cat-park","7":"product_cat-pusikud","8":"product_cat-tiigiaed","9":"product_cat-tiigitaimed","10":"product_cat-varjuaed","11":"product_cat-taimed","12":"pa_haiguskindlus-vaga-hea","13":"pa_moodud-k-20-25-cm-l-25-30-cm","14":"pa_oie-varv-punane","15":"pa_oitsemise-aeg-mai","16":"pa_talvekindlus-vaga-hea","17":"pa_tsoon-3-9","18":"pa_variatsioon-suurem-pott","20":"first","21":"outofstock","22":"purchasable","23":"product-type-variable"},"acf":[],"_links":{"self":[{"href":"https:\/\/dev.garden.ee\/en\/wp-json\/wp\/v2\/product\/7744","targetHints":{"allow":["GET"]}}],"collection":[{"href":"https:\/\/dev.garden.ee\/en\/wp-json\/wp\/v2\/product"}],"about":[{"href":"https:\/\/dev.garden.ee\/en\/wp-json\/wp\/v2\/types\/product"}],"wp:featuredmedia":[{"embeddable":true,"href":"https:\/\/dev.garden.ee\/en\/wp-json\/wp\/v2\/media\/7745"}],"wp:attachment":[{"href":"https:\/\/dev.garden.ee\/en\/wp-json\/wp\/v2\/media?parent=7744"}],"wp:term":[{"taxonomy":"product_brand","embeddable":true,"href":"https:\/\/dev.garden.ee\/en\/wp-json\/wp\/v2\/product_brand?post=7744"},{"taxonomy":"product_cat","embeddable":true,"href":"https:\/\/dev.garden.ee\/en\/wp-json\/wp\/v2\/product_cat?post=7744"},{"taxonomy":"product_tag","embeddable":true,"href":"https:\/\/dev.garden.ee\/en\/wp-json\/wp\/v2\/product_tag?post=7744"}],"curies":[{"name":"wp","href":"https:\/\/api.w.org\/{rel}","templated":true}]}}