{"id":7740,"date":"2023-01-18T18:02:21","date_gmt":"2023-01-18T16:02:21","guid":{"rendered":"https:\/\/dev.zezz.ee\/garden\/toode\/primula-vialii\/"},"modified":"2026-03-07T12:21:53","modified_gmt":"2026-03-07T10:21:53","slug":"primula-vialii","status":"publish","type":"product","link":"https:\/\/dev.garden.ee\/en\/product\/primula-vialii\/","title":{"rendered":"Primula vialii"},"content":{"rendered":"<input class=\"fooboxshare_post_id\" type=\"hidden\" value=\"7740\"\/>","protected":false},"excerpt":{"rendered":"<p>Priimula vialii paistab priimulate variatiivsel maastikul silma v\u00e4ga erip\u00e4raste u 15 cm pikkuste \u00f5itega, mis pungunud olekus on karmiinpunased, avatuna lillakasroosad. \u00d5isikud avanevad alt \u00fclespoole. Eelistab poolvarjulist kohta ja niisket viljakat mulda. Sobivad n\u00e4iteks tiigikaldale. Taim t\u00e4rkab kevadel hilja ja \u00f5itseb juunis-juulis. On l\u00fchiealine, kuid annab isek\u00fclvi. Jagamise teel paljundada tasub p\u00e4rast \u00f5itsemist. Talvel v\u00f5iks katta.<\/p>","protected":false},"featured_media":25952,"template":"","meta":[],"product_brand":[],"product_cat":[4406,4401,4409,4392,4412,22],"product_tag":[],"class_list":{"0":"post-7740","1":"product","2":"type-product","3":"status-publish","4":"has-post-thumbnail","6":"product_cat-park","7":"product_cat-pusikud","8":"product_cat-tiigiaed","9":"product_cat-tiigitaimed","10":"product_cat-varjuaed","11":"product_cat-taimed","12":"pa_moodud-k-30-40-cm-l-30-cm","13":"pa_oie-varv-lilla","14":"pa_oitsemise-aeg-juuni-juuli","15":"pa_talvekindlus-keskmine","16":"pa_tsoon-5-8","17":"pa_variatsioon-suurem-pott","18":"pa_variatsioon-vaiksem-pott","20":"first","21":"outofstock","22":"purchasable","23":"product-type-variable"},"acf":[],"_links":{"self":[{"href":"https:\/\/dev.garden.ee\/en\/wp-json\/wp\/v2\/product\/7740","targetHints":{"allow":["GET"]}}],"collection":[{"href":"https:\/\/dev.garden.ee\/en\/wp-json\/wp\/v2\/product"}],"about":[{"href":"https:\/\/dev.garden.ee\/en\/wp-json\/wp\/v2\/types\/product"}],"wp:featuredmedia":[{"embeddable":true,"href":"https:\/\/dev.garden.ee\/en\/wp-json\/wp\/v2\/media\/25952"}],"wp:attachment":[{"href":"https:\/\/dev.garden.ee\/en\/wp-json\/wp\/v2\/media?parent=7740"}],"wp:term":[{"taxonomy":"product_brand","embeddable":true,"href":"https:\/\/dev.garden.ee\/en\/wp-json\/wp\/v2\/product_brand?post=7740"},{"taxonomy":"product_cat","embeddable":true,"href":"https:\/\/dev.garden.ee\/en\/wp-json\/wp\/v2\/product_cat?post=7740"},{"taxonomy":"product_tag","embeddable":true,"href":"https:\/\/dev.garden.ee\/en\/wp-json\/wp\/v2\/product_tag?post=7740"}],"curies":[{"name":"wp","href":"https:\/\/api.w.org\/{rel}","templated":true}]}}