{"id":7737,"date":"2023-01-18T18:02:19","date_gmt":"2023-01-18T16:02:19","guid":{"rendered":"https:\/\/dev.zezz.ee\/garden\/toode\/phlox-subulata-purple-beauty\/"},"modified":"2026-03-06T12:20:37","modified_gmt":"2026-03-06T10:20:37","slug":"phlox-subulata-purple-beauty","status":"publish","type":"product","link":"https:\/\/dev.garden.ee\/en\/product\/phlox-subulata-purple-beauty\/","title":{"rendered":"Phlox subulata &#8216;Purple Beauty&#8217;"},"content":{"rendered":"<input class=\"fooboxshare_post_id\" type=\"hidden\" value=\"7737\"\/>","protected":false},"excerpt":{"rendered":"<p>Helelillade \u00f5itega sort on tugev ning vastupidav saades hakkama ka p\u00f5uasemates tingimustes. Moodustab \u00fchtlase pinnakatte.<\/p>","protected":false},"featured_media":7738,"template":"","meta":[],"product_brand":[],"product_cat":[9637,9503,4415,6934,9200,4401,22],"product_tag":[],"class_list":{"0":"post-7737","1":"product","2":"type-product","3":"status-publish","4":"has-post-thumbnail","6":"product_cat-istutuskast","7":"product_cat-kiviktaimla","8":"product_cat-lilleaed","9":"product_cat-mesilassobralik-aed","10":"product_cat-pinnakatjad","11":"product_cat-pusikud","12":"product_cat-taimed","13":"pa_moodud-k-10-cm-l-45-cm","14":"pa_oie-varv-lilla","15":"pa_oitsemise-aeg-mai-juuni","16":"pa_variatsioon-suurem-pott","17":"pa_variatsioon-vaiksem-pott","19":"first","20":"outofstock","21":"purchasable","22":"product-type-variable"},"acf":[],"_links":{"self":[{"href":"https:\/\/dev.garden.ee\/en\/wp-json\/wp\/v2\/product\/7737","targetHints":{"allow":["GET"]}}],"collection":[{"href":"https:\/\/dev.garden.ee\/en\/wp-json\/wp\/v2\/product"}],"about":[{"href":"https:\/\/dev.garden.ee\/en\/wp-json\/wp\/v2\/types\/product"}],"wp:featuredmedia":[{"embeddable":true,"href":"https:\/\/dev.garden.ee\/en\/wp-json\/wp\/v2\/media\/7738"}],"wp:attachment":[{"href":"https:\/\/dev.garden.ee\/en\/wp-json\/wp\/v2\/media?parent=7737"}],"wp:term":[{"taxonomy":"product_brand","embeddable":true,"href":"https:\/\/dev.garden.ee\/en\/wp-json\/wp\/v2\/product_brand?post=7737"},{"taxonomy":"product_cat","embeddable":true,"href":"https:\/\/dev.garden.ee\/en\/wp-json\/wp\/v2\/product_cat?post=7737"},{"taxonomy":"product_tag","embeddable":true,"href":"https:\/\/dev.garden.ee\/en\/wp-json\/wp\/v2\/product_tag?post=7737"}],"curies":[{"name":"wp","href":"https:\/\/api.w.org\/{rel}","templated":true}]}}