{"id":7693,"date":"2023-01-18T18:01:51","date_gmt":"2023-01-18T16:01:51","guid":{"rendered":"https:\/\/dev.zezz.ee\/garden\/toode\/polystichum-setiferum-congestum\/"},"modified":"2026-03-06T17:31:53","modified_gmt":"2026-03-06T15:31:53","slug":"polystichum-setiferum-congestum","status":"publish","type":"product","link":"https:\/\/dev.garden.ee\/en\/product\/polystichum-setiferum-congestum\/","title":{"rendered":"Polystichum setiferum &#8216;Congestum&#8217;"},"content":{"rendered":"<input class=\"fooboxshare_post_id\" type=\"hidden\" value=\"7693\"\/>","protected":false},"excerpt":{"rendered":"<p>V\u00e4ike karvik-astels\u00f5najalg \u2018Congestum\u2019 on ilus kompaktne ja tihe pitsilise struktuuriga taim, mis sobib kenasti varjuaedadesse v\u00f5i konteineritesse, kuhu suuremakasvulised s\u00f5najalad ei mahu. Vajab niiskust, kuid on \u00fcsna hooldusvaba. Soojadel talvedel p\u00fcsib igihaljana.<\/p>","protected":false},"featured_media":25935,"template":"","meta":[],"product_brand":[],"product_cat":[4406,4401,4399,4412,22],"product_tag":[],"class_list":{"0":"post-7693","1":"product","2":"type-product","3":"status-publish","4":"has-post-thumbnail","6":"product_cat-park","7":"product_cat-pusikud","8":"product_cat-sonajalad","9":"product_cat-varjuaed","10":"product_cat-taimed","11":"pa_haiguskindlus-vaga-hea","12":"pa_moodud-k-20-30-cm-l-25-30-cm","13":"pa_talvekindlus-vaga-hea","14":"pa_tsoon-z-3-8","15":"pa_variatsioon-suurem-pott","17":"first","18":"outofstock","19":"purchasable","20":"product-type-variable"},"acf":[],"_links":{"self":[{"href":"https:\/\/dev.garden.ee\/en\/wp-json\/wp\/v2\/product\/7693","targetHints":{"allow":["GET"]}}],"collection":[{"href":"https:\/\/dev.garden.ee\/en\/wp-json\/wp\/v2\/product"}],"about":[{"href":"https:\/\/dev.garden.ee\/en\/wp-json\/wp\/v2\/types\/product"}],"wp:featuredmedia":[{"embeddable":true,"href":"https:\/\/dev.garden.ee\/en\/wp-json\/wp\/v2\/media\/25935"}],"wp:attachment":[{"href":"https:\/\/dev.garden.ee\/en\/wp-json\/wp\/v2\/media?parent=7693"}],"wp:term":[{"taxonomy":"product_brand","embeddable":true,"href":"https:\/\/dev.garden.ee\/en\/wp-json\/wp\/v2\/product_brand?post=7693"},{"taxonomy":"product_cat","embeddable":true,"href":"https:\/\/dev.garden.ee\/en\/wp-json\/wp\/v2\/product_cat?post=7693"},{"taxonomy":"product_tag","embeddable":true,"href":"https:\/\/dev.garden.ee\/en\/wp-json\/wp\/v2\/product_tag?post=7693"}],"curies":[{"name":"wp","href":"https:\/\/api.w.org\/{rel}","templated":true}]}}