{"id":7659,"date":"2023-01-18T18:01:22","date_gmt":"2023-01-18T16:01:22","guid":{"rendered":"https:\/\/dev.zezz.ee\/garden\/toode\/papaver-orientale-orange-glow\/"},"modified":"2026-03-05T12:38:04","modified_gmt":"2026-03-05T10:38:04","slug":"papaver-orientale-orange-glow","status":"publish","type":"product","link":"https:\/\/dev.garden.ee\/en\/product\/papaver-orientale-orange-glow\/","title":{"rendered":"Papaver orientale &#8216;Orange Glow&#8217;"},"content":{"rendered":"<input class=\"fooboxshare_post_id\" type=\"hidden\" value=\"7659\"\/>","protected":false},"excerpt":{"rendered":"<p>Idamagun &#8216;Orange Glow&#8217; moodustab p\u00fcstiseid klumpe. Tema sirgetel \u00f5ievartel ilmuvad kevadel suured s\u00e4ravad oran\u017eid topelt\u00f5ied. Et p\u00e4rast \u00f5itsemist kuivavad k\u00f5ik taime maapealsed osad, tasub idamagunale leida kasvukoht teiste taimede vahel. Nii et j\u00e4\u00e4 peenrasse t\u00fchikut. Hea paik on n\u00e4iteks metsikum suvelillede peenar. Taim eelistab t\u00e4isp\u00e4ikest ja toitaineterikast, niisket, hea drenaa\u017eiga mulda. On hea talvekindlusega. Pika, s\u00fcgavale ulatuva sammasjuure t\u00f5ttu on idamaguna \u00fcmberistutamine ja paljundamine keeruline, aga mitte v\u00f5imatu.<\/p>","protected":false},"featured_media":7660,"template":"","meta":[],"product_brand":[],"product_cat":[4407,4415,4401,22],"product_tag":[],"class_list":{"0":"post-7659","1":"product","2":"type-product","3":"status-publish","4":"has-post-thumbnail","6":"product_cat-aasad","7":"product_cat-lilleaed","8":"product_cat-pusikud","9":"product_cat-taimed","10":"pa_moodud-k-70-80-cm-l-30-35-cm","11":"pa_oie-varv-oranz","12":"pa_oitsemise-aeg-mai","13":"pa_talvekindlus-vaga-hea","14":"pa_tsoon-3-8","15":"pa_variatsioon-suurem-pott","16":"pa_variatsioon-vaiksem-pott","18":"first","19":"outofstock","20":"purchasable","21":"product-type-variable"},"acf":[],"_links":{"self":[{"href":"https:\/\/dev.garden.ee\/en\/wp-json\/wp\/v2\/product\/7659","targetHints":{"allow":["GET"]}}],"collection":[{"href":"https:\/\/dev.garden.ee\/en\/wp-json\/wp\/v2\/product"}],"about":[{"href":"https:\/\/dev.garden.ee\/en\/wp-json\/wp\/v2\/types\/product"}],"wp:featuredmedia":[{"embeddable":true,"href":"https:\/\/dev.garden.ee\/en\/wp-json\/wp\/v2\/media\/7660"}],"wp:attachment":[{"href":"https:\/\/dev.garden.ee\/en\/wp-json\/wp\/v2\/media?parent=7659"}],"wp:term":[{"taxonomy":"product_brand","embeddable":true,"href":"https:\/\/dev.garden.ee\/en\/wp-json\/wp\/v2\/product_brand?post=7659"},{"taxonomy":"product_cat","embeddable":true,"href":"https:\/\/dev.garden.ee\/en\/wp-json\/wp\/v2\/product_cat?post=7659"},{"taxonomy":"product_tag","embeddable":true,"href":"https:\/\/dev.garden.ee\/en\/wp-json\/wp\/v2\/product_tag?post=7659"}],"curies":[{"name":"wp","href":"https:\/\/api.w.org\/{rel}","templated":true}]}}