{"id":7654,"date":"2023-01-18T18:01:20","date_gmt":"2023-01-18T16:01:20","guid":{"rendered":"https:\/\/dev.zezz.ee\/garden\/toode\/phlox-paniculata-alexandra\/"},"modified":"2026-03-05T20:28:28","modified_gmt":"2026-03-05T18:28:28","slug":"phlox-paniculata-alexandra","status":"publish","type":"product","link":"https:\/\/dev.garden.ee\/en\/product\/phlox-paniculata-alexandra\/","title":{"rendered":"Phlox paniculata &#8216;Alexandra&#8217;"},"content":{"rendered":"<input class=\"fooboxshare_post_id\" type=\"hidden\" value=\"7654\"\/>","protected":false},"excerpt":{"rendered":"<p>K\u00f5rgekasvuline aed-leeklill &#8216;Alexandra&#8217; \u00f5itseb uhkelt ja pikalt juulist oktoobrini. Suured, valge silmaga erkroosad \u00f5ied sobivad h\u00e4sti l\u00f5ikelilleks. \u00d5itsemisel v\u00f5ib vajada toestamist, et rasked oksad alla ei vajuks. Taim eelistab t\u00e4isp\u00e4ikest, kuid sobib ka kerge vari. Talle meeldib m\u00f5\u00f5dukalt toiteaineterikas, niiske, h\u00e4sti drenaa\u017eitud muld. Soovitatav on mult\u0161imine, n\u00e4rbunud \u00f5ied tuleks eemaldada, et julgustada uusi \u00f5isi. P\u00e4rast \u00f5itsemist tuleks varred tagasi l\u00f5igata.\u00a0Paljundamine jagamise teel kevadel v\u00f5i s\u00fcgisel.<\/p>","protected":false},"featured_media":22946,"template":"","meta":[],"product_brand":[],"product_cat":[4415,6934,4401,22],"product_tag":[],"class_list":{"0":"post-7654","1":"product","2":"type-product","3":"status-publish","4":"has-post-thumbnail","6":"product_cat-lilleaed","7":"product_cat-mesilassobralik-aed","8":"product_cat-pusikud","9":"product_cat-taimed","10":"pa_haiguskindlus-hea","11":"pa_moodud-k-80-cm-l-40-cm","12":"pa_oie-varv-valge","13":"pa_oitsemise-aeg-juuli-oktoober","14":"pa_tsoon-5-8","15":"pa_variatsioon-suurem-pott","16":"pa_variatsioon-vaiksem-pott","18":"first","19":"instock","20":"purchasable","21":"product-type-variable"},"acf":[],"_links":{"self":[{"href":"https:\/\/dev.garden.ee\/en\/wp-json\/wp\/v2\/product\/7654","targetHints":{"allow":["GET"]}}],"collection":[{"href":"https:\/\/dev.garden.ee\/en\/wp-json\/wp\/v2\/product"}],"about":[{"href":"https:\/\/dev.garden.ee\/en\/wp-json\/wp\/v2\/types\/product"}],"wp:featuredmedia":[{"embeddable":true,"href":"https:\/\/dev.garden.ee\/en\/wp-json\/wp\/v2\/media\/22946"}],"wp:attachment":[{"href":"https:\/\/dev.garden.ee\/en\/wp-json\/wp\/v2\/media?parent=7654"}],"wp:term":[{"taxonomy":"product_brand","embeddable":true,"href":"https:\/\/dev.garden.ee\/en\/wp-json\/wp\/v2\/product_brand?post=7654"},{"taxonomy":"product_cat","embeddable":true,"href":"https:\/\/dev.garden.ee\/en\/wp-json\/wp\/v2\/product_cat?post=7654"},{"taxonomy":"product_tag","embeddable":true,"href":"https:\/\/dev.garden.ee\/en\/wp-json\/wp\/v2\/product_tag?post=7654"}],"curies":[{"name":"wp","href":"https:\/\/api.w.org\/{rel}","templated":true}]}}