{"id":7650,"date":"2023-01-18T18:01:17","date_gmt":"2023-01-18T16:01:17","guid":{"rendered":"https:\/\/dev.zezz.ee\/garden\/toode\/phlox-paniculata-nicky\/"},"modified":"2026-03-05T21:10:12","modified_gmt":"2026-03-05T19:10:12","slug":"phlox-paniculata-nicky","status":"publish","type":"product","link":"https:\/\/dev.garden.ee\/en\/product\/phlox-paniculata-nicky\/","title":{"rendered":"Phlox paniculata &#8216;Nicky&#8217; \/ &#8216;D\u00fcsterlohe&#8217;"},"content":{"rendered":"<input class=\"fooboxshare_post_id\" type=\"hidden\" value=\"7650\"\/>","protected":false},"excerpt":{"rendered":"<p>K\u00f5rgekasvuline\u00a0aed-leeklill \u2018Nicky\u2018 on jahukastele eriti vastupidav sort. \u00d5itseb pikalt ja meelitab liblikaid. Suured magentakarva p\u00fcramiidsed \u00f5iekobarad kaunistavad aeda juulis-augustis. Tegu on \u00fche tumedama\u00f5ielise aed-leeklillega. Taim eelistab t\u00e4isp\u00e4ikest, kuid sobib ka kerge vari. Talle meeldib m\u00f5\u00f5dukalt toiteaineterikas, kergelt niiske h\u00e4sti drenaa\u017eitud muld.\u00a0Vajab head \u00f5huliikumist. Soovitatav on mult\u0161imine, et juured p\u00fcsiks jahedas.\u00a0N\u00e4rbunud \u00f5ied tasub eemaldada, et julgustada uusi \u00f5isi. P\u00e4rast \u00f5itsemist tuleks varred tagasi l\u00f5igata.\u00a0Paljundamine jagamise teel kevadel v\u00f5i s\u00fcgisel.<\/p>","protected":false},"featured_media":7651,"template":"","meta":[],"product_brand":[],"product_cat":[4415,6934,4401,22],"product_tag":[],"class_list":{"0":"post-7650","1":"product","2":"type-product","3":"status-publish","4":"has-post-thumbnail","6":"product_cat-lilleaed","7":"product_cat-mesilassobralik-aed","8":"product_cat-pusikud","9":"product_cat-taimed","10":"pa_haiguskindlus-vaga-hea","11":"pa_moodud-k-75-90-cm-l-45-60-cm","12":"pa_oie-varv-magenta","13":"pa_oitsemise-aeg-juuli-august","14":"pa_talvekindlus-hea","15":"pa_tsoon-z-3-8","16":"pa_variatsioon-suurem-pott","17":"pa_variatsioon-vaiksem-pott","19":"first","20":"outofstock","21":"purchasable","22":"product-type-variable"},"acf":[],"_links":{"self":[{"href":"https:\/\/dev.garden.ee\/en\/wp-json\/wp\/v2\/product\/7650","targetHints":{"allow":["GET"]}}],"collection":[{"href":"https:\/\/dev.garden.ee\/en\/wp-json\/wp\/v2\/product"}],"about":[{"href":"https:\/\/dev.garden.ee\/en\/wp-json\/wp\/v2\/types\/product"}],"wp:featuredmedia":[{"embeddable":true,"href":"https:\/\/dev.garden.ee\/en\/wp-json\/wp\/v2\/media\/7651"}],"wp:attachment":[{"href":"https:\/\/dev.garden.ee\/en\/wp-json\/wp\/v2\/media?parent=7650"}],"wp:term":[{"taxonomy":"product_brand","embeddable":true,"href":"https:\/\/dev.garden.ee\/en\/wp-json\/wp\/v2\/product_brand?post=7650"},{"taxonomy":"product_cat","embeddable":true,"href":"https:\/\/dev.garden.ee\/en\/wp-json\/wp\/v2\/product_cat?post=7650"},{"taxonomy":"product_tag","embeddable":true,"href":"https:\/\/dev.garden.ee\/en\/wp-json\/wp\/v2\/product_tag?post=7650"}],"curies":[{"name":"wp","href":"https:\/\/api.w.org\/{rel}","templated":true}]}}