{"id":7646,"date":"2023-01-18T18:01:15","date_gmt":"2023-01-18T16:01:15","guid":{"rendered":"https:\/\/dev.zezz.ee\/garden\/toode\/phlox-subulata-bavaria\/"},"modified":"2026-03-06T11:25:17","modified_gmt":"2026-03-06T09:25:17","slug":"phlox-subulata-bavaria","status":"publish","type":"product","link":"https:\/\/dev.garden.ee\/en\/product\/phlox-subulata-bavaria\/","title":{"rendered":"Phlox subulata &#8216;Bavaria&#8217;"},"content":{"rendered":"<input class=\"fooboxshare_post_id\" type=\"hidden\" value=\"7646\"\/>","protected":false},"excerpt":{"rendered":"<p>Lamav leeklill &#8216;Bavaria&#8217; on pooligihaljas lamavate varte ja roheliste l\u00e4ikivate elliptiliste\u00a0lehtedega pinnakattetaim. Mais-juunis kaunistavad padjandeid valged tumelilla silmaga \u00f5ied, mis teeb selle ideaalseks \u00e4\u00e4ristaimeks peenardesse kui kiviktaimlatesse. Sobib ka konteineritesse. Taim eelistab t\u00e4isp\u00e4ikest v\u00f5i kerget varju, huumuserikast liivakat ja m\u00f5\u00f5dukalt kuiva pinnast. Kavukohal kodunenuna talub m\u00f5\u00f5dukat p\u00f5uda. Augustis v\u00f5iks p\u00fcgada.<\/p>","protected":false},"featured_media":7647,"template":"","meta":[],"product_brand":[],"product_cat":[9637,9503,4415,6934,9200,4401,22],"product_tag":[],"class_list":{"0":"post-7646","1":"product","2":"type-product","3":"status-publish","4":"has-post-thumbnail","6":"product_cat-istutuskast","7":"product_cat-kiviktaimla","8":"product_cat-lilleaed","9":"product_cat-mesilassobralik-aed","10":"product_cat-pinnakatjad","11":"product_cat-pusikud","12":"product_cat-taimed","13":"pa_moodud-k-10-cm-l-20-cm","14":"pa_oie-varv-valge","15":"pa_oitsemise-aeg-mai-juuni","16":"pa_tsoon-3-9","17":"pa_variatsioon-suurem-pott","18":"pa_variatsioon-vaiksem-pott","20":"first","21":"outofstock","22":"purchasable","23":"product-type-variable"},"acf":[],"_links":{"self":[{"href":"https:\/\/dev.garden.ee\/en\/wp-json\/wp\/v2\/product\/7646","targetHints":{"allow":["GET"]}}],"collection":[{"href":"https:\/\/dev.garden.ee\/en\/wp-json\/wp\/v2\/product"}],"about":[{"href":"https:\/\/dev.garden.ee\/en\/wp-json\/wp\/v2\/types\/product"}],"wp:featuredmedia":[{"embeddable":true,"href":"https:\/\/dev.garden.ee\/en\/wp-json\/wp\/v2\/media\/7647"}],"wp:attachment":[{"href":"https:\/\/dev.garden.ee\/en\/wp-json\/wp\/v2\/media?parent=7646"}],"wp:term":[{"taxonomy":"product_brand","embeddable":true,"href":"https:\/\/dev.garden.ee\/en\/wp-json\/wp\/v2\/product_brand?post=7646"},{"taxonomy":"product_cat","embeddable":true,"href":"https:\/\/dev.garden.ee\/en\/wp-json\/wp\/v2\/product_cat?post=7646"},{"taxonomy":"product_tag","embeddable":true,"href":"https:\/\/dev.garden.ee\/en\/wp-json\/wp\/v2\/product_tag?post=7646"}],"curies":[{"name":"wp","href":"https:\/\/api.w.org\/{rel}","templated":true}]}}