{"id":763,"date":"2023-01-18T16:57:02","date_gmt":"2023-01-18T14:57:02","guid":{"rendered":"https:\/\/dev.zezz.ee\/garden\/toode\/tuscany-superb\/"},"modified":"2026-02-09T20:59:43","modified_gmt":"2026-02-09T18:59:43","slug":"tuscany-superb","status":"publish","type":"product","link":"https:\/\/dev.garden.ee\/en\/product\/tuscany-superb\/","title":{"rendered":"Tuscany Superb"},"content":{"rendered":"<input class=\"fooboxshare_post_id\" type=\"hidden\" value=\"763\"\/>","protected":false},"excerpt":{"rendered":"<p>Gallica roos. \u00d5ie v\u00e4rvus tuntud kui &#8216;The Old Velvet Rose&#8217; &#8211; tumepunane sametroos violetse varjundiga. \u00d5ievorm suurem ning tihedamini t\u00e4idetud kui sordil &#8216;Tuscany&#8217;. Samuti on ka kasv j\u00f5ulisem. V\u00e4ga hea k\u00fclmakindlusega.\u00a0Kasvab ka poolvarjus. P\u00f5\u00f5sasroosina ideaalne maakodus kasvatamiseks, lihtne hooldada.<\/p>","protected":false},"featured_media":25146,"template":"","meta":[],"product_brand":[],"product_cat":[4415,9650,6934,4416,4402,22],"product_tag":[9417],"class_list":{"0":"post-763","1":"product","2":"type-product","3":"status-publish","4":"has-post-thumbnail","6":"product_cat-lilleaed","7":"product_cat-looduslik-aed","8":"product_cat-mesilassobralik-aed","9":"product_cat-roosiaed","10":"product_cat-roosid","11":"product_cat-taimed","12":"product_tag-soodushind-50","13":"pa_aretus-thomas-rivers-son-ltd","14":"pa_avalikustamisaasta-suurbritannia-1837","15":"pa_haiguskindlus-hea","16":"pa_kasvukorgus-120-150-cm","17":"pa_laius-90-cm","18":"pa_lisainfo-sobib-osalise-varjuga-kasvualale","19":"pa_lohn-orn","20":"pa_oie-suurus-suur","21":"pa_oie-varv-purpurne","22":"pa_oietuup-taidisois","23":"pa_oitsemine-uhekordne-oitsemine","24":"pa_sort-vanaaegne-roos","25":"pa_taimede-arvestus-ruutmeetri-1-2","26":"pa_talvekindlus-vaga-hea","27":"pa_variatsioon-paljasjuurne-ainult-kevadel","28":"pa_variatsioon-potis-4-6l","29":"pa_variatsioon-potis-4-6l-suvel-ja-sugisel","31":"first","32":"outofstock","33":"sale","34":"purchasable","35":"product-type-variable"},"acf":[],"_links":{"self":[{"href":"https:\/\/dev.garden.ee\/en\/wp-json\/wp\/v2\/product\/763","targetHints":{"allow":["GET"]}}],"collection":[{"href":"https:\/\/dev.garden.ee\/en\/wp-json\/wp\/v2\/product"}],"about":[{"href":"https:\/\/dev.garden.ee\/en\/wp-json\/wp\/v2\/types\/product"}],"wp:featuredmedia":[{"embeddable":true,"href":"https:\/\/dev.garden.ee\/en\/wp-json\/wp\/v2\/media\/25146"}],"wp:attachment":[{"href":"https:\/\/dev.garden.ee\/en\/wp-json\/wp\/v2\/media?parent=763"}],"wp:term":[{"taxonomy":"product_brand","embeddable":true,"href":"https:\/\/dev.garden.ee\/en\/wp-json\/wp\/v2\/product_brand?post=763"},{"taxonomy":"product_cat","embeddable":true,"href":"https:\/\/dev.garden.ee\/en\/wp-json\/wp\/v2\/product_cat?post=763"},{"taxonomy":"product_tag","embeddable":true,"href":"https:\/\/dev.garden.ee\/en\/wp-json\/wp\/v2\/product_tag?post=763"}],"curies":[{"name":"wp","href":"https:\/\/api.w.org\/{rel}","templated":true}]}}