{"id":7595,"date":"2023-01-18T18:00:45","date_gmt":"2023-01-18T16:00:45","guid":{"rendered":"https:\/\/dev.zezz.ee\/garden\/toode\/lilium-yellow-bruse\/"},"modified":"2026-01-16T10:33:02","modified_gmt":"2026-01-16T08:33:02","slug":"lilium-yellow-bruse","status":"publish","type":"product","link":"https:\/\/dev.garden.ee\/en\/product\/lilium-yellow-bruse\/","title":{"rendered":"Lilium &#8216;Yellow Bruse&#8217;"},"content":{"rendered":"<input class=\"fooboxshare_post_id\" type=\"hidden\" value=\"7595\"\/>","protected":false},"excerpt":{"rendered":"<p>Imeilusa kollase v\u00e4rviga \u00f5ied on ka v\u00e4ga pikaealised ja vastupidavad p\u00fcsides kenasti olenemata kuumast p\u00e4ikesest. Tohutult suured \u00f5ied, mille l\u00e4bim\u00f5\u00f5t v\u00f5ib ulatuda isegi 24 cm-ni. Kroonlehtedel on pruunid tr\u00e4psud ning t\u00e4hnistused, rohekas s\u00fcdamik.<\/p>\n<p>Aasia liiliad on enamasti l\u00f5hnatud, v\u00e4ga hea talvekindlusega ning \u00fched esimestest \u00f5itsejatest. Enamik sortidel on \u00fclesvaatavad \u00f5ied.\u00a0Iga 3-4 aasta tagant tuleks sibulad \u00fcles kaevata ning \u00fcmber istutada. Vajavad p\u00e4ikselist, kerge varjuga kasvukohta.<\/p>","protected":false},"featured_media":7596,"template":"","meta":[],"product_brand":[],"product_cat":[4403,4415,4413,4401,4391,22],"product_tag":[9450,9417],"class_list":{"0":"post-7595","1":"product","2":"type-product","3":"status-publish","4":"has-post-thumbnail","6":"product_cat-kodu","7":"product_cat-lilleaed","8":"product_cat-loikelilleaed","9":"product_cat-pusikud","10":"product_cat-sibullilled","11":"product_cat-taimed","12":"product_tag-aasia-liilia","13":"product_tag-soodushind-50","14":"pa_lohn-lohnatu","15":"pa_moodud-k-100-cm-l-20-cm","16":"pa_oie-varv-kollane","17":"pa_oitsemise-aeg-juuli","18":"pa_talvekindlus-vaga-hea","19":"pa_variatsioon-sibul-ainult-kevadel","20":"pa_variatsioon-suurem-pott","22":"first","23":"instock","24":"sale","25":"taxable","26":"shipping-taxable","27":"purchasable","28":"product-type-variable"},"acf":[],"_links":{"self":[{"href":"https:\/\/dev.garden.ee\/en\/wp-json\/wp\/v2\/product\/7595","targetHints":{"allow":["GET"]}}],"collection":[{"href":"https:\/\/dev.garden.ee\/en\/wp-json\/wp\/v2\/product"}],"about":[{"href":"https:\/\/dev.garden.ee\/en\/wp-json\/wp\/v2\/types\/product"}],"wp:featuredmedia":[{"embeddable":true,"href":"https:\/\/dev.garden.ee\/en\/wp-json\/wp\/v2\/media\/7596"}],"wp:attachment":[{"href":"https:\/\/dev.garden.ee\/en\/wp-json\/wp\/v2\/media?parent=7595"}],"wp:term":[{"taxonomy":"product_brand","embeddable":true,"href":"https:\/\/dev.garden.ee\/en\/wp-json\/wp\/v2\/product_brand?post=7595"},{"taxonomy":"product_cat","embeddable":true,"href":"https:\/\/dev.garden.ee\/en\/wp-json\/wp\/v2\/product_cat?post=7595"},{"taxonomy":"product_tag","embeddable":true,"href":"https:\/\/dev.garden.ee\/en\/wp-json\/wp\/v2\/product_tag?post=7595"}],"curies":[{"name":"wp","href":"https:\/\/api.w.org\/{rel}","templated":true}]}}