{"id":7590,"date":"2023-01-18T18:00:41","date_gmt":"2023-01-18T16:00:41","guid":{"rendered":"https:\/\/dev.zezz.ee\/garden\/toode\/lilium-uguns-lapsa\/"},"modified":"2026-01-16T10:20:45","modified_gmt":"2026-01-16T08:20:45","slug":"lilium-uguns-lapsa","status":"publish","type":"product","link":"https:\/\/dev.garden.ee\/en\/product\/lilium-uguns-lapsa\/","title":{"rendered":"Lilium &#8216;Uguns Lapsa&#8217;"},"content":{"rendered":"<input class=\"fooboxshare_post_id\" type=\"hidden\" value=\"7590\"\/>","protected":false},"excerpt":{"rendered":"<p>Suured \u00f5ied on purpurse s\u00fcdamikuga, kroonlehedel hajub purpurne t\u00e4hnistustena \u00fcle oran\u017eiks. J\u00f5ulise kasvuga, \u00f5itseb juuli keskpaigas. \u00d5ite l\u00e4bim\u00f5\u00f5duks on u 17 cm. Sort aastast 2013, aretaja G. Grants.<\/p>\n<p>Aasia liiliad on enamasti l\u00f5hnatud, v\u00e4ga hea talvekindlusega ning \u00fched esimestest \u00f5itsejatest. Enamik sortidel on \u00fclesvaatavad \u00f5ied.\u00a0Iga 3-4 aasta tagant tuleks sibulad \u00fcles kaevata ning \u00fcmber istutada. Vajavad p\u00e4ikselist, kerge varjuga kasvukohta.<\/p>","protected":false},"featured_media":7591,"template":"","meta":[],"product_brand":[],"product_cat":[4403,4415,4413,4401,4391,22],"product_tag":[9450,9417],"class_list":{"0":"post-7590","1":"product","2":"type-product","3":"status-publish","4":"has-post-thumbnail","6":"product_cat-kodu","7":"product_cat-lilleaed","8":"product_cat-loikelilleaed","9":"product_cat-pusikud","10":"product_cat-sibullilled","11":"product_cat-taimed","12":"product_tag-aasia-liilia","13":"product_tag-soodushind-50","14":"pa_lohn-lohnatu","15":"pa_moodud-k-120-cm-l-20-cm","16":"pa_oie-varv-purpurne","17":"pa_oitsemise-aeg-juuli","18":"pa_talvekindlus-vaga-hea","19":"pa_variatsioon-sibul-ainult-kevadel","20":"pa_variatsioon-suurem-pott","22":"first","23":"instock","24":"sale","25":"taxable","26":"shipping-taxable","27":"purchasable","28":"product-type-variable"},"acf":[],"_links":{"self":[{"href":"https:\/\/dev.garden.ee\/en\/wp-json\/wp\/v2\/product\/7590","targetHints":{"allow":["GET"]}}],"collection":[{"href":"https:\/\/dev.garden.ee\/en\/wp-json\/wp\/v2\/product"}],"about":[{"href":"https:\/\/dev.garden.ee\/en\/wp-json\/wp\/v2\/types\/product"}],"wp:featuredmedia":[{"embeddable":true,"href":"https:\/\/dev.garden.ee\/en\/wp-json\/wp\/v2\/media\/7591"}],"wp:attachment":[{"href":"https:\/\/dev.garden.ee\/en\/wp-json\/wp\/v2\/media?parent=7590"}],"wp:term":[{"taxonomy":"product_brand","embeddable":true,"href":"https:\/\/dev.garden.ee\/en\/wp-json\/wp\/v2\/product_brand?post=7590"},{"taxonomy":"product_cat","embeddable":true,"href":"https:\/\/dev.garden.ee\/en\/wp-json\/wp\/v2\/product_cat?post=7590"},{"taxonomy":"product_tag","embeddable":true,"href":"https:\/\/dev.garden.ee\/en\/wp-json\/wp\/v2\/product_tag?post=7590"}],"curies":[{"name":"wp","href":"https:\/\/api.w.org\/{rel}","templated":true}]}}