{"id":7586,"date":"2023-01-18T18:00:39","date_gmt":"2023-01-18T16:00:39","guid":{"rendered":"https:\/\/dev.zezz.ee\/garden\/toode\/lilium-tiramisu\/"},"modified":"2026-01-16T10:12:11","modified_gmt":"2026-01-16T08:12:11","slug":"lilium-tiramisu","status":"publish","type":"product","link":"https:\/\/dev.garden.ee\/en\/product\/lilium-tiramisu\/","title":{"rendered":"Lilium &#8216;Tiramisu&#8217;"},"content":{"rendered":"<input class=\"fooboxshare_post_id\" type=\"hidden\" value=\"7586\"\/>","protected":false},"excerpt":{"rendered":"<p>Kreemjad \u00f5ied moodustavad suurema p\u00fcramiidja \u00f5isiku. Kroonlehed on tugevalt tagasi keeratud. \u00d5ite keskmine osa on h\u00e4sti tihedalt pikitud pisikeste tumepruunide t\u00e4hnidega. Ilusad pikad oran\u017eid tolmukapead. \u00d5ite l\u00e4bim\u00f5\u00f5duks on 12 cm, \u00fchel varrel v\u00f5ib olla kuni 16 \u00f5it. Tegemist on 2012. aasta sordiga, a<span lang=\"et\">retaja G. Grants.<\/span><\/p>\n<p>Aasia liiliad on enamasti l\u00f5hnatud, v\u00e4ga hea talvekindlusega ning \u00fched esimestest \u00f5itsejatest. Enamik sortidel on \u00fclesvaatavad \u00f5ied.\u00a0Iga 3-4 aasta tagant tuleks sibulad \u00fcles kaevata ning \u00fcmber istutada. Vajavad p\u00e4ikselist, kerge varjuga kasvukohta.<\/p>","protected":false},"featured_media":7587,"template":"","meta":[],"product_brand":[],"product_cat":[4403,4415,4413,4401,4391,22],"product_tag":[9450,9417],"class_list":{"0":"post-7586","1":"product","2":"type-product","3":"status-publish","4":"has-post-thumbnail","6":"product_cat-kodu","7":"product_cat-lilleaed","8":"product_cat-loikelilleaed","9":"product_cat-pusikud","10":"product_cat-sibullilled","11":"product_cat-taimed","12":"product_tag-aasia-liilia","13":"product_tag-soodushind-50","14":"pa_lohn-lohnatu","15":"pa_moodud-k-100-cm-l-20-cm","16":"pa_oitsemise-aeg-juuni-juuli","17":"pa_talvekindlus-vaga-hea","18":"pa_variatsioon-sibul-ainult-kevadel","19":"pa_variatsioon-suurem-pott","21":"first","22":"instock","23":"sale","24":"taxable","25":"shipping-taxable","26":"purchasable","27":"product-type-variable"},"acf":[],"_links":{"self":[{"href":"https:\/\/dev.garden.ee\/en\/wp-json\/wp\/v2\/product\/7586","targetHints":{"allow":["GET"]}}],"collection":[{"href":"https:\/\/dev.garden.ee\/en\/wp-json\/wp\/v2\/product"}],"about":[{"href":"https:\/\/dev.garden.ee\/en\/wp-json\/wp\/v2\/types\/product"}],"wp:featuredmedia":[{"embeddable":true,"href":"https:\/\/dev.garden.ee\/en\/wp-json\/wp\/v2\/media\/7587"}],"wp:attachment":[{"href":"https:\/\/dev.garden.ee\/en\/wp-json\/wp\/v2\/media?parent=7586"}],"wp:term":[{"taxonomy":"product_brand","embeddable":true,"href":"https:\/\/dev.garden.ee\/en\/wp-json\/wp\/v2\/product_brand?post=7586"},{"taxonomy":"product_cat","embeddable":true,"href":"https:\/\/dev.garden.ee\/en\/wp-json\/wp\/v2\/product_cat?post=7586"},{"taxonomy":"product_tag","embeddable":true,"href":"https:\/\/dev.garden.ee\/en\/wp-json\/wp\/v2\/product_tag?post=7586"}],"curies":[{"name":"wp","href":"https:\/\/api.w.org\/{rel}","templated":true}]}}