{"id":7506,"date":"2023-01-18T17:59:40","date_gmt":"2023-01-18T15:59:40","guid":{"rendered":"https:\/\/dev.zezz.ee\/garden\/toode\/lilium-cocossa\/"},"modified":"2026-01-15T19:54:22","modified_gmt":"2026-01-15T17:54:22","slug":"lilium-cocossa","status":"publish","type":"product","link":"https:\/\/dev.garden.ee\/en\/product\/lilium-cocossa\/","title":{"rendered":"Lilium &#8216;Cocossa&#8217;"},"content":{"rendered":"<input class=\"fooboxshare_post_id\" type=\"hidden\" value=\"7506\"\/>","protected":false},"excerpt":{"rendered":"<p>Idah\u00fcbriidi ja trompetliilia ristandina kuulub k\u00f5rgeimate liiliate sekka. Idah\u00fcbriidist p\u00e4rinevad kaunid v\u00e4rvid ning suured \u00f5ied, \u00fchel varrel v\u00f5ib olla 6-8 t\u00fckki, t\u00e4isj\u00f5us varrel lausa 20 t\u00fckki ning teisalt on sordil trompetliiliate suurep\u00e4rane vastupidavus. Naudib hommikup\u00e4ikest ja pealel\u00f5unast varju. Sibul 16\/18 cm.<\/p>","protected":false},"featured_media":7507,"template":"","meta":[],"product_brand":[],"product_cat":[4403,4415,4414,4413,4401,4391,22],"product_tag":[9452,9417],"class_list":{"0":"post-7506","1":"product","2":"type-product","3":"status-publish","4":"has-post-thumbnail","6":"product_cat-kodu","7":"product_cat-lilleaed","8":"product_cat-lohnaaed","9":"product_cat-loikelilleaed","10":"product_cat-pusikud","11":"product_cat-sibullilled","12":"product_cat-taimed","13":"product_tag-ot-hubriid-liilia","14":"product_tag-soodushind-50","15":"pa_haiguskindlus-vaga-hea","16":"pa_lohn-tugev","17":"pa_moodud-k-12-m-l-25-cm","18":"pa_oie-varv-valge","19":"pa_oitsemise-aeg-august","20":"pa_talvekindlus-vaga-hea","21":"pa_variatsioon-sibul-ainult-kevadel","22":"pa_variatsioon-suurem-pott","24":"first","25":"instock","26":"sale","27":"taxable","28":"shipping-taxable","29":"purchasable","30":"product-type-variable"},"acf":[],"_links":{"self":[{"href":"https:\/\/dev.garden.ee\/en\/wp-json\/wp\/v2\/product\/7506","targetHints":{"allow":["GET"]}}],"collection":[{"href":"https:\/\/dev.garden.ee\/en\/wp-json\/wp\/v2\/product"}],"about":[{"href":"https:\/\/dev.garden.ee\/en\/wp-json\/wp\/v2\/types\/product"}],"wp:featuredmedia":[{"embeddable":true,"href":"https:\/\/dev.garden.ee\/en\/wp-json\/wp\/v2\/media\/7507"}],"wp:attachment":[{"href":"https:\/\/dev.garden.ee\/en\/wp-json\/wp\/v2\/media?parent=7506"}],"wp:term":[{"taxonomy":"product_brand","embeddable":true,"href":"https:\/\/dev.garden.ee\/en\/wp-json\/wp\/v2\/product_brand?post=7506"},{"taxonomy":"product_cat","embeddable":true,"href":"https:\/\/dev.garden.ee\/en\/wp-json\/wp\/v2\/product_cat?post=7506"},{"taxonomy":"product_tag","embeddable":true,"href":"https:\/\/dev.garden.ee\/en\/wp-json\/wp\/v2\/product_tag?post=7506"}],"curies":[{"name":"wp","href":"https:\/\/api.w.org\/{rel}","templated":true}]}}