{"id":7503,"date":"2023-01-18T17:59:38","date_gmt":"2023-01-18T15:59:38","guid":{"rendered":"https:\/\/dev.zezz.ee\/garden\/toode\/lilium-marlene\/"},"modified":"2026-01-15T20:55:04","modified_gmt":"2026-01-15T18:55:04","slug":"lilium-marlene","status":"publish","type":"product","link":"https:\/\/dev.garden.ee\/en\/product\/lilium-marlene\/","title":{"rendered":"Lilium &#8216;Marlene&#8217;"},"content":{"rendered":"<input class=\"fooboxshare_post_id\" type=\"hidden\" value=\"7503\"\/>","protected":false},"excerpt":{"rendered":"<p>Kaunid valged \u00f5ied, mis aja jooksul muutuvad \u00fcha roosamaks. V\u00e4ga elegantne sort k\u00f5rgemasse taimealasse. P\u00fcstise kasvuga. Suurep\u00e4rane ka l\u00f5ikelillena.<\/p>\n<p>Aasia liiliad on enamasti l\u00f5hnatud, v\u00e4ga hea talvekindlusega ning \u00fched esimestest \u00f5itsejatest. Enamik sortidel on \u00fclesvaatavad \u00f5ied.\u00a0Iga 3-4 aasta tagant tuleks sibulad \u00fcles kaevata ning \u00fcmber istutada. Vajavad p\u00e4ikselist, kerge varjuga kasvukohta.<\/p>","protected":false},"featured_media":7504,"template":"","meta":[],"product_brand":[],"product_cat":[4403,4415,4413,4401,4391,22],"product_tag":[9450,9417],"class_list":{"0":"post-7503","1":"product","2":"type-product","3":"status-publish","4":"has-post-thumbnail","6":"product_cat-kodu","7":"product_cat-lilleaed","8":"product_cat-loikelilleaed","9":"product_cat-pusikud","10":"product_cat-sibullilled","11":"product_cat-taimed","12":"product_tag-aasia-liilia","13":"product_tag-soodushind-50","14":"pa_lohn-lohnatu","15":"pa_moodud-k-1-m-l-20-cm","16":"pa_oie-varv-valge","17":"pa_oitsemise-aeg-juuli","18":"pa_talvekindlus-vaga-hea","19":"pa_variatsioon-sibul-ainult-kevadel","20":"pa_variatsioon-suurem-pott","22":"first","23":"instock","24":"sale","25":"taxable","26":"shipping-taxable","27":"purchasable","28":"product-type-variable"},"acf":[],"_links":{"self":[{"href":"https:\/\/dev.garden.ee\/en\/wp-json\/wp\/v2\/product\/7503","targetHints":{"allow":["GET"]}}],"collection":[{"href":"https:\/\/dev.garden.ee\/en\/wp-json\/wp\/v2\/product"}],"about":[{"href":"https:\/\/dev.garden.ee\/en\/wp-json\/wp\/v2\/types\/product"}],"wp:featuredmedia":[{"embeddable":true,"href":"https:\/\/dev.garden.ee\/en\/wp-json\/wp\/v2\/media\/7504"}],"wp:attachment":[{"href":"https:\/\/dev.garden.ee\/en\/wp-json\/wp\/v2\/media?parent=7503"}],"wp:term":[{"taxonomy":"product_brand","embeddable":true,"href":"https:\/\/dev.garden.ee\/en\/wp-json\/wp\/v2\/product_brand?post=7503"},{"taxonomy":"product_cat","embeddable":true,"href":"https:\/\/dev.garden.ee\/en\/wp-json\/wp\/v2\/product_cat?post=7503"},{"taxonomy":"product_tag","embeddable":true,"href":"https:\/\/dev.garden.ee\/en\/wp-json\/wp\/v2\/product_tag?post=7503"}],"curies":[{"name":"wp","href":"https:\/\/api.w.org\/{rel}","templated":true}]}}