{"id":7492,"date":"2023-01-18T17:59:31","date_gmt":"2023-01-18T15:59:31","guid":{"rendered":"https:\/\/dev.zezz.ee\/garden\/toode\/lilium-brasilia\/"},"modified":"2026-01-15T19:47:36","modified_gmt":"2026-01-15T17:47:36","slug":"lilium-brasilia","status":"publish","type":"product","link":"https:\/\/dev.garden.ee\/en\/product\/lilium-brasilia\/","title":{"rendered":"Lilium &#8216;Brasilia&#8217;"},"content":{"rendered":"<input class=\"fooboxshare_post_id\" type=\"hidden\" value=\"7492\"\/>","protected":false},"excerpt":{"rendered":"<p>T\u00e4htjatel valgetel \u00f5itel on \u00f5rn punakasroosa laineline kroonlehe serv. Pakuvad imelist l\u00f5hnaelamust. Sibula suurus 14\/16.<\/p>","protected":false},"featured_media":7493,"template":"","meta":[],"product_brand":[],"product_cat":[4403,4415,4414,4413,4401,4391,22],"product_tag":[9454,9417],"class_list":{"0":"post-7492","1":"product","2":"type-product","3":"status-publish","4":"has-post-thumbnail","6":"product_cat-kodu","7":"product_cat-lilleaed","8":"product_cat-lohnaaed","9":"product_cat-loikelilleaed","10":"product_cat-pusikud","11":"product_cat-sibullilled","12":"product_cat-taimed","13":"product_tag-idahubriid-liilia","14":"product_tag-soodushind-50","15":"pa_lohn-tugev","16":"pa_moodud-k-90-cm-l-15-cm","17":"pa_oie-varv-valge","18":"pa_oitsemise-aeg-august","19":"pa_variatsioon-sibul-ainult-kevadel","20":"pa_variatsioon-suurem-pott","22":"first","23":"instock","24":"sale","25":"taxable","26":"shipping-taxable","27":"purchasable","28":"product-type-variable"},"acf":[],"_links":{"self":[{"href":"https:\/\/dev.garden.ee\/en\/wp-json\/wp\/v2\/product\/7492","targetHints":{"allow":["GET"]}}],"collection":[{"href":"https:\/\/dev.garden.ee\/en\/wp-json\/wp\/v2\/product"}],"about":[{"href":"https:\/\/dev.garden.ee\/en\/wp-json\/wp\/v2\/types\/product"}],"wp:featuredmedia":[{"embeddable":true,"href":"https:\/\/dev.garden.ee\/en\/wp-json\/wp\/v2\/media\/7493"}],"wp:attachment":[{"href":"https:\/\/dev.garden.ee\/en\/wp-json\/wp\/v2\/media?parent=7492"}],"wp:term":[{"taxonomy":"product_brand","embeddable":true,"href":"https:\/\/dev.garden.ee\/en\/wp-json\/wp\/v2\/product_brand?post=7492"},{"taxonomy":"product_cat","embeddable":true,"href":"https:\/\/dev.garden.ee\/en\/wp-json\/wp\/v2\/product_cat?post=7492"},{"taxonomy":"product_tag","embeddable":true,"href":"https:\/\/dev.garden.ee\/en\/wp-json\/wp\/v2\/product_tag?post=7492"}],"curies":[{"name":"wp","href":"https:\/\/api.w.org\/{rel}","templated":true}]}}