{"id":745,"date":"2023-01-18T16:56:48","date_gmt":"2023-01-18T14:56:48","guid":{"rendered":"https:\/\/dev.zezz.ee\/garden\/toode\/artemisia-lactiflora\/"},"modified":"2026-02-16T23:51:54","modified_gmt":"2026-02-16T21:51:54","slug":"artemisia-lactiflora","status":"publish","type":"product","link":"https:\/\/dev.garden.ee\/en\/product\/artemisia-lactiflora\/","title":{"rendered":"Artemisia lactiflora"},"content":{"rendered":"<input class=\"fooboxshare_post_id\" type=\"hidden\" value=\"745\"\/>","protected":false},"excerpt":{"rendered":"<p>\u00dcsna unikaalne ja teistmoodi kui \u00fclej\u00e4\u00e4nud pujud. Ta kasvatab k\u00f5rged kreemvalged \u00f5isikud, need on sarnased hoopis astilbele. Punakaspruunide vartega taimed moodustavad koheva puhma. S\u00f5najalgadele sarnased mustjasrohelised lehed l\u00f5hnavad meeldivalt muskuse j\u00e4rele. Efektsed valged \u00f5ied on heaks kontrastiks hilissuvest s\u00fcgiseni. Hea taustataim, kaunis istutada hekina, samuti kalda\u00e4\u00e4rsetele aladele.\u00a0V\u00e4\u00e4rtuslik ka l\u00f5ikelillena, v\u00e4rskelt v\u00f5i kuivatatult. Heaks naabriks niiskemat pinnast armastavad taimed.<\/p>\n<p>Kaaslastena sobivad nt\u00a0Stipa gigantea, lisaks kobarpead, angervaksad<em>. Vt all &#8211; seotud tooted.\u00a0<\/em><\/p>","protected":false},"featured_media":23174,"template":"","meta":[],"product_brand":[],"product_cat":[4407,4395,4415,4413,4401,4409,22],"product_tag":[],"class_list":{"0":"post-745","1":"product","2":"type-product","3":"status-publish","4":"has-post-thumbnail","6":"product_cat-aasad","7":"product_cat-hekid","8":"product_cat-lilleaed","9":"product_cat-loikelilleaed","10":"product_cat-pusikud","11":"product_cat-tiigiaed","12":"product_cat-taimed","13":"pa_haiguskindlus-vaga-hea","14":"pa_kasvukorgus-120-150-cm","15":"pa_laius-50-cm","16":"pa_lisainfo-ideaalne-heki-loomiseks","17":"pa_lisainfo-janese-kahjustustele-vastupidav","18":"pa_lisainfo-kaldataim","19":"pa_lisainfo-sobib-loikelilleks","20":"pa_lohn-lohnav","21":"pa_oie-varv-valge","22":"pa_oitsemise-aeg-august-september","23":"pa_talvekindlus-vaga-hea","24":"pa_tingimused-hea-drenaaz","25":"pa_tingimused-niiske","26":"pa_tsoon-3-9","27":"pa_valguse-tingimused-paike","28":"pa_valguse-tingimused-poolvari","29":"pa_variatsioon-suurem-pott","30":"pa_variatsioon-vaiksem-pott","32":"first","33":"instock","34":"purchasable","35":"product-type-variable"},"acf":[],"_links":{"self":[{"href":"https:\/\/dev.garden.ee\/en\/wp-json\/wp\/v2\/product\/745","targetHints":{"allow":["GET"]}}],"collection":[{"href":"https:\/\/dev.garden.ee\/en\/wp-json\/wp\/v2\/product"}],"about":[{"href":"https:\/\/dev.garden.ee\/en\/wp-json\/wp\/v2\/types\/product"}],"wp:featuredmedia":[{"embeddable":true,"href":"https:\/\/dev.garden.ee\/en\/wp-json\/wp\/v2\/media\/23174"}],"wp:attachment":[{"href":"https:\/\/dev.garden.ee\/en\/wp-json\/wp\/v2\/media?parent=745"}],"wp:term":[{"taxonomy":"product_brand","embeddable":true,"href":"https:\/\/dev.garden.ee\/en\/wp-json\/wp\/v2\/product_brand?post=745"},{"taxonomy":"product_cat","embeddable":true,"href":"https:\/\/dev.garden.ee\/en\/wp-json\/wp\/v2\/product_cat?post=745"},{"taxonomy":"product_tag","embeddable":true,"href":"https:\/\/dev.garden.ee\/en\/wp-json\/wp\/v2\/product_tag?post=745"}],"curies":[{"name":"wp","href":"https:\/\/api.w.org\/{rel}","templated":true}]}}