{"id":7376,"date":"2023-01-18T17:58:28","date_gmt":"2023-01-18T15:58:28","guid":{"rendered":"https:\/\/dev.zezz.ee\/garden\/toode\/viinamari-chasselas-de-fontainebleau\/"},"modified":"2023-03-16T15:08:35","modified_gmt":"2023-03-16T13:08:35","slug":"viinamari-chasselas-de-fontainebleau","status":"publish","type":"product","link":"https:\/\/dev.garden.ee\/en\/product\/viinamari-chasselas-de-fontainebleau\/","title":{"rendered":"Viinamari &#8216;Chasselas de Fontainebleau&#8217;"},"content":{"rendered":"<input class=\"fooboxshare_post_id\" type=\"hidden\" value=\"7376\"\/>","protected":false},"excerpt":{"rendered":"<p>Marju v\u00f5ib s\u00fc\u00fca otse p\u00f5\u00f5salt v\u00f5i valmistada neist mahla, veini. Marjades on seemned. Iseviljuv.\u00a0Saab kasvatada nii avamaal, kui kasvuhoones. Meeldib p\u00e4ikesek\u00fcllane kasvukoht, kus \u00f5hk liiguks, kuid poleks liiga tuuline. Muld peaks olema viljakas.\u00a0Marjad valmivad septembris.<\/p>","protected":false},"featured_media":7377,"template":"","meta":[],"product_brand":[],"product_cat":[4403,4410,4394,22],"product_tag":[],"class_list":{"0":"post-7376","1":"product","2":"type-product","3":"status-publish","4":"has-post-thumbnail","6":"product_cat-kodu","7":"product_cat-tarbeaed","8":"product_cat-viljad-ja-marjad","9":"product_cat-taimed","10":"pa_aretus-prantsusmaa-sort","11":"pa_variatsioon-suurem-pott","12":"pa_vili-magus","13":"pa_vilja-varvus-kollane","15":"first","16":"instock","17":"taxable","18":"shipping-taxable","19":"purchasable","20":"product-type-simple"},"acf":[],"_links":{"self":[{"href":"https:\/\/dev.garden.ee\/en\/wp-json\/wp\/v2\/product\/7376","targetHints":{"allow":["GET"]}}],"collection":[{"href":"https:\/\/dev.garden.ee\/en\/wp-json\/wp\/v2\/product"}],"about":[{"href":"https:\/\/dev.garden.ee\/en\/wp-json\/wp\/v2\/types\/product"}],"wp:featuredmedia":[{"embeddable":true,"href":"https:\/\/dev.garden.ee\/en\/wp-json\/wp\/v2\/media\/7377"}],"wp:attachment":[{"href":"https:\/\/dev.garden.ee\/en\/wp-json\/wp\/v2\/media?parent=7376"}],"wp:term":[{"taxonomy":"product_brand","embeddable":true,"href":"https:\/\/dev.garden.ee\/en\/wp-json\/wp\/v2\/product_brand?post=7376"},{"taxonomy":"product_cat","embeddable":true,"href":"https:\/\/dev.garden.ee\/en\/wp-json\/wp\/v2\/product_cat?post=7376"},{"taxonomy":"product_tag","embeddable":true,"href":"https:\/\/dev.garden.ee\/en\/wp-json\/wp\/v2\/product_tag?post=7376"}],"curies":[{"name":"wp","href":"https:\/\/api.w.org\/{rel}","templated":true}]}}