{"id":7369,"date":"2023-01-18T17:58:24","date_gmt":"2023-01-18T15:58:24","guid":{"rendered":"https:\/\/dev.zezz.ee\/garden\/toode\/pulsatilla-vulgaris-rubra\/"},"modified":"2026-03-07T13:06:48","modified_gmt":"2026-03-07T11:06:48","slug":"pulsatilla-vulgaris-rubra","status":"publish","type":"product","link":"https:\/\/dev.garden.ee\/en\/product\/pulsatilla-vulgaris-rubra\/","title":{"rendered":"Pulsatilla vulgaris &#8216;Rubra&#8217;"},"content":{"rendered":"<input class=\"fooboxshare_post_id\" type=\"hidden\" value=\"7369\"\/>","protected":false},"excerpt":{"rendered":"<p>Igal kevadel, kohe lume sulades tulevad mullast n\u00e4htavale karvased nupud, millest puhkevad suured purpursed, kellukjad, elul\u00f5ngale sarnased \u00f5ied. Avanedes pigem allapoole vaatavad \u00f5ied t\u00f5stavad aja jooksul oma nupud s\u00e4rava p\u00e4ikese poole. \u00d5itsemise j\u00e4rel kaunistavad karukelli pikad karvased, dekoratiivsed seemnetutid ja rohelised narmasjas lehed. Harilik karukell sobib kiviktaimlatesse, p\u00e4ikeselistele kohtadele koos erinevate kevadiste sibulate ning pinnakatjatega.<\/p>","protected":false},"featured_media":7370,"template":"","meta":[],"product_brand":[],"product_cat":[4407,4415,9650,4401,4408,22],"product_tag":[],"class_list":{"0":"post-7369","1":"product","2":"type-product","3":"status-publish","4":"has-post-thumbnail","6":"product_cat-aasad","7":"product_cat-lilleaed","8":"product_cat-looduslik-aed","9":"product_cat-pusikud","10":"product_cat-vaike-aed","11":"product_cat-taimed","12":"pa_haiguskindlus-vaga-hea","13":"pa_moodud-k-15-30-cm-l-25-30-cm","14":"pa_oie-varv-purpurne","15":"pa_oitsemise-aeg-aprill-mai","16":"pa_talvekindlus-vaga-hea","17":"pa_tsoon-2-9","18":"pa_variatsioon-suurem-pott","19":"pa_variatsioon-vaiksem-pott","21":"first","22":"outofstock","23":"purchasable","24":"product-type-variable"},"acf":[],"_links":{"self":[{"href":"https:\/\/dev.garden.ee\/en\/wp-json\/wp\/v2\/product\/7369","targetHints":{"allow":["GET"]}}],"collection":[{"href":"https:\/\/dev.garden.ee\/en\/wp-json\/wp\/v2\/product"}],"about":[{"href":"https:\/\/dev.garden.ee\/en\/wp-json\/wp\/v2\/types\/product"}],"wp:featuredmedia":[{"embeddable":true,"href":"https:\/\/dev.garden.ee\/en\/wp-json\/wp\/v2\/media\/7370"}],"wp:attachment":[{"href":"https:\/\/dev.garden.ee\/en\/wp-json\/wp\/v2\/media?parent=7369"}],"wp:term":[{"taxonomy":"product_brand","embeddable":true,"href":"https:\/\/dev.garden.ee\/en\/wp-json\/wp\/v2\/product_brand?post=7369"},{"taxonomy":"product_cat","embeddable":true,"href":"https:\/\/dev.garden.ee\/en\/wp-json\/wp\/v2\/product_cat?post=7369"},{"taxonomy":"product_tag","embeddable":true,"href":"https:\/\/dev.garden.ee\/en\/wp-json\/wp\/v2\/product_tag?post=7369"}],"curies":[{"name":"wp","href":"https:\/\/api.w.org\/{rel}","templated":true}]}}