{"id":7360,"date":"2023-01-18T17:58:20","date_gmt":"2023-01-18T15:58:20","guid":{"rendered":"https:\/\/dev.zezz.ee\/garden\/toode\/anuschka\/"},"modified":"2026-02-06T14:51:28","modified_gmt":"2026-02-06T12:51:28","slug":"anuschka","status":"publish","type":"product","link":"https:\/\/dev.garden.ee\/en\/product\/anuschka\/","title":{"rendered":"Anuschka\u00ae"},"content":{"rendered":"<input class=\"fooboxshare_post_id\" type=\"hidden\" value=\"7360\"\/>","protected":false},"excerpt":{"rendered":"<p>2019. aasta Baden-Baden Innovation Contest&#8217;il Golden Rose 2019 tiitliga p\u00e4rjatud sort. V\u00f5istlusel osalesid 34 erineva aretaja sordid, mida oli kokku lausa 135. Neist k\u00f5igist valitigi just Anuschka sort parimaks, talle t\u00f5i v\u00f5idu tema kiirgavalt kaunis \u00f5ietoon, erakordselt head tervisen\u00e4itajad ning s\u00e4ravalt l\u00e4ikiv lehestik. Sordil on ka v\u00e4ga meeldiv l\u00f5hn, mis t\u00f5ttu sobib suurep\u00e4raselt l\u00f5hnaaeda, l\u00f5ikelilleks. Lisaks v\u00e4ga hea sort, mida istutada v\u00e4iksema grupina, loomaks romantilisi taimealasid koos p\u00fcsikutega. Sordil on v\u00e4ga t\u00e4idetud (41+ kroonlehte), keskmised (8-10 cm) \u00f5ied, mis avanedes purpurjad, ajaga muutub toon roosakamaks.<\/p>","protected":false},"featured_media":7361,"template":"","meta":[],"product_brand":[],"product_cat":[4415,4413,4416,4402,22],"product_tag":[],"class_list":{"0":"post-7360","1":"product","2":"type-product","3":"status-publish","4":"has-post-thumbnail","6":"product_cat-lilleaed","7":"product_cat-loikelilleaed","8":"product_cat-roosiaed","9":"product_cat-roosid","10":"product_cat-taimed","11":"pa_aretus-rosen-tantau","12":"pa_avalikustamisaasta-2521","13":"pa_haiguskindlus-vaga-hea","14":"pa_kasvukorgus-70-90-cm","15":"pa_laius-50-60-cm","16":"pa_lisainfo-sobib-loikelilleks","17":"pa_lohn-tugev","18":"pa_oie-suurus-keskmine","19":"pa_oie-varv-magenta","20":"pa_oietuup-taidisois","21":"pa_oitsemine-korduvalt-oitsev","22":"pa_sort-teehubriidroos","23":"pa_sunonuum-mottisfont-abbey-uk","24":"pa_taimede-arvestus-ruutmeetri-3-4","25":"pa_talvekindlus-hea","26":"pa_variatsioon-potis-2l-kevadel","27":"pa_variatsioon-potis-4-6l","29":"first","30":"outofstock","31":"purchasable","32":"product-type-variable"},"acf":[],"_links":{"self":[{"href":"https:\/\/dev.garden.ee\/en\/wp-json\/wp\/v2\/product\/7360","targetHints":{"allow":["GET"]}}],"collection":[{"href":"https:\/\/dev.garden.ee\/en\/wp-json\/wp\/v2\/product"}],"about":[{"href":"https:\/\/dev.garden.ee\/en\/wp-json\/wp\/v2\/types\/product"}],"wp:featuredmedia":[{"embeddable":true,"href":"https:\/\/dev.garden.ee\/en\/wp-json\/wp\/v2\/media\/7361"}],"wp:attachment":[{"href":"https:\/\/dev.garden.ee\/en\/wp-json\/wp\/v2\/media?parent=7360"}],"wp:term":[{"taxonomy":"product_brand","embeddable":true,"href":"https:\/\/dev.garden.ee\/en\/wp-json\/wp\/v2\/product_brand?post=7360"},{"taxonomy":"product_cat","embeddable":true,"href":"https:\/\/dev.garden.ee\/en\/wp-json\/wp\/v2\/product_cat?post=7360"},{"taxonomy":"product_tag","embeddable":true,"href":"https:\/\/dev.garden.ee\/en\/wp-json\/wp\/v2\/product_tag?post=7360"}],"curies":[{"name":"wp","href":"https:\/\/api.w.org\/{rel}","templated":true}]}}