{"id":7352,"date":"2023-01-18T17:58:15","date_gmt":"2023-01-18T15:58:15","guid":{"rendered":"https:\/\/dev.zezz.ee\/garden\/toode\/bienenweide-mango-uudis\/"},"modified":"2026-02-01T16:03:51","modified_gmt":"2026-02-01T14:03:51","slug":"bees-paradise-rose-mango","status":"publish","type":"product","link":"https:\/\/dev.garden.ee\/en\/product\/bees-paradise-rose-mango\/","title":{"rendered":"Bees Paradise Rose\u00ae Mango"},"content":{"rendered":"<input class=\"fooboxshare_post_id\" type=\"hidden\" value=\"7352\"\/>","protected":false},"excerpt":{"rendered":"<p>Rosen Tantau Bees Paradise Rose\u00ae kollektsiooni kuuluv Bienenweide\u00ae Mango sort on kompaktne ja v\u00e4ga rikkalikult \u00f5itsev. V\u00e4ikesed (2-4 cm) poolt\u00e4idis\u00f5ied on erinevate tolmeldajate lemmikud. \u00d5ied hoiavad pikalt avanedes \u00fcmaramat vormi, sel viisil tuleb kroonlehtede v\u00e4limine kollane toon \u00f5ie avanedes j\u00e4tkuvalt esile. J\u00e4rk-j\u00e4rgult \u00fcha rohkem avanev \u00f5is paljastab l\u00f5puks ka \u00f5ies\u00fcdamiku, millest paljastub roosakasoran\u017eikam kese, millest eraldub v\u00f5luvalt tugev ning soe apelsini l\u00f5hn. Hea sort mida istutada v\u00e4iksemate gruppidena, pottidesse v\u00f5i suurema massina. Lisaks sobib taimeala jagama ka koos erinevate p\u00fcsikutega. P\u00fcstise kasvuga p\u00f5\u00f5sas.<\/p>\n<p><span style=\"color: #ff0000;\">ETTETELLIMINE, V\u00c4LJASTAMINE APRILLI TEISEST POOLEST<\/span><\/p>","protected":false},"featured_media":7353,"template":"","meta":[],"product_brand":[],"product_cat":[9637,6934,4416,4402,22],"product_tag":[],"class_list":{"0":"post-7352","1":"product","2":"type-product","3":"status-publish","4":"has-post-thumbnail","6":"product_cat-istutuskast","7":"product_cat-mesilassobralik-aed","8":"product_cat-roosiaed","9":"product_cat-roosid","10":"product_cat-taimed","11":"pa_aretus-rosen-tantau","12":"pa_avalikustamisaasta-2149","13":"pa_haiguskindlus-vaga-hea","14":"pa_kasvukorgus-40-60-cm","15":"pa_laius-50-cm","16":"pa_lisainfo-mesilaste-lemmik","17":"pa_lisainfo-sobilik-istutuskasti-jaoks","18":"pa_lohn-keskmine","19":"pa_oie-suurus-vaike","20":"pa_oie-varv-kollane","21":"pa_oie-varv-mitmevarviline","22":"pa_oie-varv-oranz","23":"pa_oietuup-pooltaidisois","24":"pa_sort-vaikepoosas","25":"pa_talvekindlus-vaga-hea","26":"pa_variatsioon-potis-2l-kevadel","27":"pa_variatsioon-potis-4-6l","29":"first","30":"outofstock","31":"purchasable","32":"product-type-variable"},"acf":[],"_links":{"self":[{"href":"https:\/\/dev.garden.ee\/en\/wp-json\/wp\/v2\/product\/7352","targetHints":{"allow":["GET"]}}],"collection":[{"href":"https:\/\/dev.garden.ee\/en\/wp-json\/wp\/v2\/product"}],"about":[{"href":"https:\/\/dev.garden.ee\/en\/wp-json\/wp\/v2\/types\/product"}],"wp:featuredmedia":[{"embeddable":true,"href":"https:\/\/dev.garden.ee\/en\/wp-json\/wp\/v2\/media\/7353"}],"wp:attachment":[{"href":"https:\/\/dev.garden.ee\/en\/wp-json\/wp\/v2\/media?parent=7352"}],"wp:term":[{"taxonomy":"product_brand","embeddable":true,"href":"https:\/\/dev.garden.ee\/en\/wp-json\/wp\/v2\/product_brand?post=7352"},{"taxonomy":"product_cat","embeddable":true,"href":"https:\/\/dev.garden.ee\/en\/wp-json\/wp\/v2\/product_cat?post=7352"},{"taxonomy":"product_tag","embeddable":true,"href":"https:\/\/dev.garden.ee\/en\/wp-json\/wp\/v2\/product_tag?post=7352"}],"curies":[{"name":"wp","href":"https:\/\/api.w.org\/{rel}","templated":true}]}}