{"id":735,"date":"2023-01-18T16:56:39","date_gmt":"2023-01-18T14:56:39","guid":{"rendered":"https:\/\/dev.zezz.ee\/garden\/toode\/susan-williams-ellis\/"},"modified":"2026-02-09T16:16:06","modified_gmt":"2026-02-09T14:16:06","slug":"susan-williams-ellis","status":"publish","type":"product","link":"https:\/\/dev.garden.ee\/en\/product\/susan-williams-ellis\/","title":{"rendered":"Susan Williams-Ellis"},"content":{"rendered":"<input class=\"fooboxshare_post_id\" type=\"hidden\" value=\"735\"\/>","protected":false},"excerpt":{"rendered":"<p>Armas, kuid tagasihoidlik vanaroosi iluga roos &#8211; puhasvalge versioon Inglise roosist &#8216;The Mayflower&#8217;. Siiani ei ole avastatud kummalgi roosil \u00fchtegi haigusjuhtu. Alati \u00fcks esimesi roose, mis Inglise roosidest \u00f5itsema hakkavad ja teevad seda j\u00e4rjepanu kuni k\u00fclmadeni. V\u00e4ga hea talvekindlusega ja keskmise tugevusega perfektse vanaroosi l\u00f5hnaga. \u00c4\u00e4rmiselt talvekindel, p\u00fcstise, p\u00f5\u00f5sasja ja oksteta kasvuga.<\/p>\n<p>Sobib h\u00e4sti nii p\u00fcsikualasse, hekiks kui ka suurde potti.<\/p>\n<p>Kuna valgeid roose on v\u00e4ga raske aretada, siis antud roos on lisatud erilise uhkusega Austini suurde roosivalikusse.<\/p>\n<p>Nime saanud Portmeirion savit\u00f6\u00f6koja asutaja j\u00e4rgi, kes oli suur inglise rooside entusiast.<\/p>\n<p><span style=\"color: #ff0000;\">ETTETELLIMINE, V\u00c4LJASTAMINE ALATES APRILLI KESKPAIGAST<\/span><\/p>","protected":false},"featured_media":25104,"template":"","meta":[],"product_brand":[],"product_cat":[4395,9637,4415,9650,4416,4402,22],"product_tag":[],"class_list":{"0":"post-735","1":"product","2":"type-product","3":"status-publish","4":"has-post-thumbnail","6":"product_cat-hekid","7":"product_cat-istutuskast","8":"product_cat-lilleaed","9":"product_cat-looduslik-aed","10":"product_cat-roosiaed","11":"product_cat-roosid","12":"product_cat-taimed","13":"pa_aretus-david-austin","14":"pa_avalikustamisaasta-uhendkuningriik-2010","15":"pa_kasvukorgus-90-110-cm","16":"pa_laius-90-cm","17":"pa_lisainfo-ideaalne-heki-loomiseks","18":"pa_lisainfo-sobilik-istutuskasti-jaoks","19":"pa_lisainfo-sobib-osalise-varjuga-kasvualale","20":"pa_lisainfo-talub-ka-tuulisemat-kasvukohta","21":"pa_lohn-keskmine","22":"pa_lohn-vana-roos","23":"pa_oie-suurus-keskmine","24":"pa_oie-varv-valge","25":"pa_oietuup-taidisois","26":"pa_oitsemine-korduvalt-oitsev","27":"pa_sort-poosasroos","28":"pa_taimede-arvestus-ruutmeetri-1-2","29":"pa_talvekindlus-vaga-hea","30":"pa_variatsioon-paljasjuurne-ainult-kevadel","31":"pa_variatsioon-potis-4-6l-suvel-ja-sugisel","33":"first","34":"outofstock","35":"purchasable","36":"product-type-variable"},"acf":[],"_links":{"self":[{"href":"https:\/\/dev.garden.ee\/en\/wp-json\/wp\/v2\/product\/735","targetHints":{"allow":["GET"]}}],"collection":[{"href":"https:\/\/dev.garden.ee\/en\/wp-json\/wp\/v2\/product"}],"about":[{"href":"https:\/\/dev.garden.ee\/en\/wp-json\/wp\/v2\/types\/product"}],"wp:featuredmedia":[{"embeddable":true,"href":"https:\/\/dev.garden.ee\/en\/wp-json\/wp\/v2\/media\/25104"}],"wp:attachment":[{"href":"https:\/\/dev.garden.ee\/en\/wp-json\/wp\/v2\/media?parent=735"}],"wp:term":[{"taxonomy":"product_brand","embeddable":true,"href":"https:\/\/dev.garden.ee\/en\/wp-json\/wp\/v2\/product_brand?post=735"},{"taxonomy":"product_cat","embeddable":true,"href":"https:\/\/dev.garden.ee\/en\/wp-json\/wp\/v2\/product_cat?post=735"},{"taxonomy":"product_tag","embeddable":true,"href":"https:\/\/dev.garden.ee\/en\/wp-json\/wp\/v2\/product_tag?post=735"}],"curies":[{"name":"wp","href":"https:\/\/api.w.org\/{rel}","templated":true}]}}