{"id":7331,"date":"2023-01-18T17:58:05","date_gmt":"2023-01-18T15:58:05","guid":{"rendered":"https:\/\/dev.zezz.ee\/garden\/toode\/ile-de-fleurs-uudis\/"},"modified":"2026-02-06T14:42:06","modified_gmt":"2026-02-06T12:42:06","slug":"ile-de-fleurs","status":"publish","type":"product","link":"https:\/\/dev.garden.ee\/en\/product\/ile-de-fleurs\/","title":{"rendered":"Ile de Fleurs \/ Max Reinhardt-Rose"},"content":{"rendered":"<input class=\"fooboxshare_post_id\" type=\"hidden\" value=\"7331\"\/>","protected":false},"excerpt":{"rendered":"<p>\u00d5ied s\u00fcgavat veinipunast v\u00e4rvi, \u00f5ie s\u00fcdamik j\u00e4llegi kontrastselt valge ja kollaste tolmukatega. Keskmised (7-8 cm) \u00f5ied on poolt\u00e4idetud (13-15 kroonlehte). Lehed l\u00e4ikivad ererohelised, v\u00e4ga haiguskindlad. P\u00f5\u00f5sas p\u00fcstise kasvuga ja kannatab m\u00f5nev\u00f5rra varjulisemat kohta.<\/p>\n<p data-start=\"208\" data-end=\"311\" data-is-last-node=\"\" data-is-only-node=\"\">Sobib kasutamiseks mesilasp\u00f5lluks, poolvarjulises kohas, hekiks, ilmastikukindlaks istutuseks.<\/p>\n<div class=\"woocommerce-product-details__short-description\">\n<p><span style=\"color: #ff0000;\">ETTETELLIMINE, V\u00c4LJASTAMINE APRILLI TEISEST POOLEST<\/span><\/p>\n<\/div>","protected":false},"featured_media":7332,"template":"","meta":[],"product_brand":[],"product_cat":[4395,4415,6934,4416,4402,22],"product_tag":[9418],"class_list":{"0":"post-7331","1":"product","2":"type-product","3":"status-publish","4":"has-post-thumbnail","6":"product_cat-hekid","7":"product_cat-lilleaed","8":"product_cat-mesilassobralik-aed","9":"product_cat-roosiaed","10":"product_cat-roosid","11":"product_cat-taimed","12":"product_tag-adr-roos","13":"pa_adr-9707","14":"pa_aretus-w-kordes-sohne","15":"pa_avalikustamisaasta-2149","16":"pa_haiguskindlus-vaga-hea","17":"pa_kasvukorgus-100-130-cm","18":"pa_laius-70-cm","19":"pa_lisainfo-ideaalne-heki-loomiseks","20":"pa_lisainfo-mesilaste-lemmik","21":"pa_lisainfo-sobib-osalise-varjuga-kasvualale","22":"pa_lohn-keskmine","23":"pa_oie-suurus-keskmine","24":"pa_oie-varv-purpurne","25":"pa_oietuup-pooltaidisois","26":"pa_oitsemine-korduvalt-oitsev","27":"pa_sort-poosasroos","28":"pa_taimede-arvestus-ruutmeetri-9213","29":"pa_talvekindlus-vaga-hea","30":"pa_variatsioon-potis-2l-kevadel","31":"pa_variatsioon-potis-4-6l","33":"first","34":"outofstock","35":"purchasable","36":"product-type-variable"},"acf":[],"_links":{"self":[{"href":"https:\/\/dev.garden.ee\/en\/wp-json\/wp\/v2\/product\/7331","targetHints":{"allow":["GET"]}}],"collection":[{"href":"https:\/\/dev.garden.ee\/en\/wp-json\/wp\/v2\/product"}],"about":[{"href":"https:\/\/dev.garden.ee\/en\/wp-json\/wp\/v2\/types\/product"}],"wp:featuredmedia":[{"embeddable":true,"href":"https:\/\/dev.garden.ee\/en\/wp-json\/wp\/v2\/media\/7332"}],"wp:attachment":[{"href":"https:\/\/dev.garden.ee\/en\/wp-json\/wp\/v2\/media?parent=7331"}],"wp:term":[{"taxonomy":"product_brand","embeddable":true,"href":"https:\/\/dev.garden.ee\/en\/wp-json\/wp\/v2\/product_brand?post=7331"},{"taxonomy":"product_cat","embeddable":true,"href":"https:\/\/dev.garden.ee\/en\/wp-json\/wp\/v2\/product_cat?post=7331"},{"taxonomy":"product_tag","embeddable":true,"href":"https:\/\/dev.garden.ee\/en\/wp-json\/wp\/v2\/product_tag?post=7331"}],"curies":[{"name":"wp","href":"https:\/\/api.w.org\/{rel}","templated":true}]}}