{"id":732,"date":"2023-01-18T16:56:37","date_gmt":"2023-01-18T14:56:37","guid":{"rendered":"https:\/\/dev.zezz.ee\/garden\/toode\/mini-eden-rose-mini-pierre-de-ronsard\/"},"modified":"2026-02-07T19:27:34","modified_gmt":"2026-02-07T17:27:34","slug":"mini-eden-rose-mini-pierre-de-ronsard","status":"publish","type":"product","link":"https:\/\/dev.garden.ee\/en\/product\/mini-eden-rose-mini-pierre-de-ronsard\/","title":{"rendered":"Mini Eden Rose\u00ae \/ Mini Pierre de Ronsard\u00ae"},"content":{"rendered":"<input class=\"fooboxshare_post_id\" type=\"hidden\" value=\"732\"\/>","protected":false},"excerpt":{"rendered":"<p>Populaarse Eden Rose&#8217;i v\u00e4ike \u00f5de, mis on inspireeritud suurest klassikust Pierre de Ronsardist. 6\u20137 cm l\u00e4bim\u00f5\u00f5duga \u00f5ied koosnevad 25\u201330 \u00f5rnalt asetsevast tassikujulisest kroonlehest roosakasvalge ja s\u00fcgavroosa toonides. \u00d5ied asetsevad 2-15 kaupa suurtes kobarates, mis meenutavad vanamoodsate rooside v\u00f5lu ja \u00f5itsevad kuni hiliss\u00fcgiseni.<\/p>\n<p>V\u00e4ga meeldiva \u00f5rna aroomi ja romantiliste \u00f5itega sobib igasse aeda, kuid eriti h\u00e4sti just v\u00e4iksemasse aeda. V\u00f5ib kasvatada madalama roniroosina v\u00f5i hekina, samuti sobib istutada suuremasse potti nii r\u00f5dule kui terrassile. Lisaks ilule on see roos tuntud ka oma haiguskindluse ja kasvatamise lihtsuse poolest, mist\u00f5ttu on see ideaalne valik isegi algajatele aednikele.<\/p>\n<p><span style=\"color: #ff0000;\">ETTETELLIMINE, V\u00c4LJASTAMINE APRILLI KESKPAIGAST<\/span><\/p>","protected":false},"featured_media":580,"template":"","meta":[],"product_brand":[],"product_cat":[4395,9637,4415,9702,9550,4397,4416,4402,4408,22],"product_tag":[],"class_list":{"0":"post-732","1":"product","2":"type-product","3":"status-publish","4":"has-post-thumbnail","6":"product_cat-hekid","7":"product_cat-istutuskast","8":"product_cat-lilleaed","9":"product_cat-linnaaed","10":"product_cat-rodu-ja-terrass","11":"product_cat-ronitaimed","12":"product_cat-roosiaed","13":"product_cat-roosid","14":"product_cat-vaike-aed","15":"product_cat-taimed","16":"pa_aretus-meilland","17":"pa_haiguskindlus-hea","18":"pa_kasvukorgus-180-200-cm","19":"pa_kollektsioon-romantica","20":"pa_laius-100-cm","21":"pa_lisainfo-ideaalne-heki-loomiseks","22":"pa_lisainfo-ronitaim","23":"pa_lisainfo-sobilik-istutuskasti-jaoks","24":"pa_lisainfo-sobib-osalise-varjuga-kasvualale","25":"pa_lohn-orn","26":"pa_oie-suurus-keskmine","27":"pa_oie-varv-roosa","28":"pa_oietuup-taidisois","29":"pa_oitsemine-korduvalt-oitsev","30":"pa_sort-mini-roniroos","31":"pa_talvekindlus-hea","32":"pa_variatsioon-paljasjuurne-ainult-kevadel","33":"pa_variatsioon-potis-4-6l-suvel-ja-sugisel","35":"first","36":"onbackorder","37":"taxable","38":"shipping-taxable","39":"purchasable","40":"product-type-variable"},"acf":[],"_links":{"self":[{"href":"https:\/\/dev.garden.ee\/en\/wp-json\/wp\/v2\/product\/732","targetHints":{"allow":["GET"]}}],"collection":[{"href":"https:\/\/dev.garden.ee\/en\/wp-json\/wp\/v2\/product"}],"about":[{"href":"https:\/\/dev.garden.ee\/en\/wp-json\/wp\/v2\/types\/product"}],"wp:featuredmedia":[{"embeddable":true,"href":"https:\/\/dev.garden.ee\/en\/wp-json\/wp\/v2\/media\/580"}],"wp:attachment":[{"href":"https:\/\/dev.garden.ee\/en\/wp-json\/wp\/v2\/media?parent=732"}],"wp:term":[{"taxonomy":"product_brand","embeddable":true,"href":"https:\/\/dev.garden.ee\/en\/wp-json\/wp\/v2\/product_brand?post=732"},{"taxonomy":"product_cat","embeddable":true,"href":"https:\/\/dev.garden.ee\/en\/wp-json\/wp\/v2\/product_cat?post=732"},{"taxonomy":"product_tag","embeddable":true,"href":"https:\/\/dev.garden.ee\/en\/wp-json\/wp\/v2\/product_tag?post=732"}],"curies":[{"name":"wp","href":"https:\/\/api.w.org\/{rel}","templated":true}]}}