{"id":7310,"date":"2023-01-18T17:57:55","date_gmt":"2023-01-18T15:57:55","guid":{"rendered":"https:\/\/dev.zezz.ee\/garden\/toode\/strandperle-norderney-uudis\/"},"modified":"2026-02-09T15:57:06","modified_gmt":"2026-02-09T13:57:06","slug":"strandperle-norderney","status":"publish","type":"product","link":"https:\/\/dev.garden.ee\/en\/product\/strandperle-norderney\/","title":{"rendered":"Strandperle\u00ae Norderney"},"content":{"rendered":"<input class=\"fooboxshare_post_id\" type=\"hidden\" value=\"7310\"\/>","protected":false},"excerpt":{"rendered":"<p>Imekaunid karmiinpunased liht\u00f5ied 6-8cm ja 4-8 kroonlehega, mis on tolmukateni v\u00e4lja sirgunud ja v\u00e4ga silmatorkavad. Ajalooliselt metsiku roosi magusa aroomiga, mis on aretatud uusimate standardite j\u00e4rgi. Keskmise suurusega \u00f5ied paiknevad v\u00e4iksemate kobaratena, \u00f5itsedes suve l\u00f5puni. Hilissuvel valmivad \u00f5itsenud \u00f5itest dekoratiivsed punased kibuvitsamarjad, mis on lisa toiduallikas maiustamiseks linnukestele ning ka inimestele.<\/p>\n<p>Kibuvitsa viljade koostisosad on v\u00e4ga t\u00f5husad artriidi vastu v\u00f5itlemisel ja toimivad antioks\u00fcdantidena, sidudes organismis vabu radikaale.<\/p>\n<p>Sobib kasutamiseks\u00a0hekkides, l\u00f5hnaaedades, segapeenardes, massistutuses, kivim\u00fc\u00fcrides, m\u00fc\u00fcrides, suurtes peenardes, avalikes haljastusaedades, looduslikes aedades, v\u00e4ikestes r\u00fchmades.<\/p>","protected":false},"featured_media":7311,"template":"","meta":[],"product_brand":[],"product_cat":[4395,4415,4414,4413,9650,6934,4406,4416,4402,4394,22],"product_tag":[],"class_list":{"0":"post-7310","1":"product","2":"type-product","3":"status-publish","4":"has-post-thumbnail","6":"product_cat-hekid","7":"product_cat-lilleaed","8":"product_cat-lohnaaed","9":"product_cat-loikelilleaed","10":"product_cat-looduslik-aed","11":"product_cat-mesilassobralik-aed","12":"product_cat-park","13":"product_cat-roosiaed","14":"product_cat-roosid","15":"product_cat-viljad-ja-marjad","16":"product_cat-taimed","17":"pa_aretus-rosen-tantau","18":"pa_avalikustamisaasta-saksamaa-2019","19":"pa_haiguskindlus-vaga-hea","20":"pa_kasvukorgus-70-100-cm","21":"pa_laius-50-cm","22":"pa_lisainfo-dekoratiivsed-viljad","23":"pa_lisainfo-ideaalne-heki-loomiseks","24":"pa_lisainfo-mesilaste-lemmik","25":"pa_lisainfo-sobib-lohnaaeda","26":"pa_lisainfo-talvine-ponevus","27":"pa_lohn-keskmine","28":"pa_oie-suurus-keskmine","29":"pa_oie-varv-purpurne","30":"pa_oietuup-lihtois","31":"pa_oitsemine-korduvalt-oitsev","32":"pa_sort-looduslik-sort","33":"pa_sort-pinnakatteroos","34":"pa_sort-vaikepoosas","35":"pa_taimede-arvestus-ruutmeetri-9219","36":"pa_talvekindlus-vaga-hea","37":"pa_variatsioon-potis-2l-kevadel","38":"pa_variatsioon-potis-4-6l","39":"pa_variatsioon-potis-4-6l-suvel-ja-sugisel","41":"first","42":"outofstock","43":"purchasable","44":"product-type-variable"},"acf":[],"_links":{"self":[{"href":"https:\/\/dev.garden.ee\/en\/wp-json\/wp\/v2\/product\/7310","targetHints":{"allow":["GET"]}}],"collection":[{"href":"https:\/\/dev.garden.ee\/en\/wp-json\/wp\/v2\/product"}],"about":[{"href":"https:\/\/dev.garden.ee\/en\/wp-json\/wp\/v2\/types\/product"}],"wp:featuredmedia":[{"embeddable":true,"href":"https:\/\/dev.garden.ee\/en\/wp-json\/wp\/v2\/media\/7311"}],"wp:attachment":[{"href":"https:\/\/dev.garden.ee\/en\/wp-json\/wp\/v2\/media?parent=7310"}],"wp:term":[{"taxonomy":"product_brand","embeddable":true,"href":"https:\/\/dev.garden.ee\/en\/wp-json\/wp\/v2\/product_brand?post=7310"},{"taxonomy":"product_cat","embeddable":true,"href":"https:\/\/dev.garden.ee\/en\/wp-json\/wp\/v2\/product_cat?post=7310"},{"taxonomy":"product_tag","embeddable":true,"href":"https:\/\/dev.garden.ee\/en\/wp-json\/wp\/v2\/product_tag?post=7310"}],"curies":[{"name":"wp","href":"https:\/\/api.w.org\/{rel}","templated":true}]}}