{"id":7293,"date":"2023-01-18T17:57:46","date_gmt":"2023-01-18T15:57:46","guid":{"rendered":"https:\/\/dev.zezz.ee\/garden\/toode\/orienta-laila-uudis\/"},"modified":"2026-02-08T14:08:57","modified_gmt":"2026-02-08T12:08:57","slug":"orienta-laila","status":"publish","type":"product","link":"https:\/\/dev.garden.ee\/en\/product\/orienta-laila\/","title":{"rendered":"Orienta\u00ae Laila"},"content":{"rendered":"<input class=\"fooboxshare_post_id\" type=\"hidden\" value=\"7293\"\/>","protected":false},"excerpt":{"rendered":"<p>Tantau Rosen Orienta\u00ae kollektsiooni kuuluv sort loob t\u00e4nu oma armsalt m\u00e4ngulistele roosadele (4 &#8211; 6 cm) \u00f5itele suvise ning r\u00f5\u00f5msameelse olemise. Suurep\u00e4rane \u00fches taimealas koos k\u00f5rgemate p\u00fcsikutega, maamajade aedades, samas loob suurep\u00e4rase efekti ka korrap\u00e4rase roosihekina.<\/p>\n<p>Sobib veel kasutamiseks segaroosipeenardes, suurtes peenardes, pottides ja vannides, romantilistes aedades, kus on segatud p\u00fcsikud, segapeenardes, v\u00e4ikestes r\u00fchmades.<\/p>\n<p>Auhinnad: Gold medal shrubroses Baden-Baden (Germany 2022), Best shrubrose Barcelona (Spain 2021).<\/p>","protected":false},"featured_media":7294,"template":"","meta":[],"product_brand":[],"product_cat":[4395,9637,4415,6934,4406,4416,4402,22],"product_tag":[9417],"class_list":{"0":"post-7293","1":"product","2":"type-product","3":"status-publish","4":"has-post-thumbnail","6":"product_cat-hekid","7":"product_cat-istutuskast","8":"product_cat-lilleaed","9":"product_cat-mesilassobralik-aed","10":"product_cat-park","11":"product_cat-roosiaed","12":"product_cat-roosid","13":"product_cat-taimed","14":"product_tag-soodushind-50","15":"pa_aretus-rosen-tantau","16":"pa_avalikustamisaasta-saksamaa-2020","17":"pa_haiguskindlus-vaga-hea","18":"pa_kasvukorgus-100-130-cm","19":"pa_kollektsioon-orienta","20":"pa_laius-60-cm","21":"pa_lisainfo-ideaalne-heki-loomiseks","22":"pa_lisainfo-mesilaste-lemmik","23":"pa_lisainfo-sobilik-istutuskasti-jaoks","24":"pa_lohn-keskmine","25":"pa_lohn-idamaine","26":"pa_oie-varv-roosa","27":"pa_oie-varv-roosakas","28":"pa_oietuup-lihtois","29":"pa_oitsemine-korduvalt-oitsev","30":"pa_sort-poosasroos","31":"pa_taimede-arvestus-ruutmeetri-9213","32":"pa_talvekindlus-vaga-hea","33":"pa_variatsioon-potis-2l-kevadel","34":"pa_variatsioon-potis-4-6l","36":"first","37":"outofstock","38":"sale","39":"purchasable","40":"product-type-variable"},"acf":[],"_links":{"self":[{"href":"https:\/\/dev.garden.ee\/en\/wp-json\/wp\/v2\/product\/7293","targetHints":{"allow":["GET"]}}],"collection":[{"href":"https:\/\/dev.garden.ee\/en\/wp-json\/wp\/v2\/product"}],"about":[{"href":"https:\/\/dev.garden.ee\/en\/wp-json\/wp\/v2\/types\/product"}],"wp:featuredmedia":[{"embeddable":true,"href":"https:\/\/dev.garden.ee\/en\/wp-json\/wp\/v2\/media\/7294"}],"wp:attachment":[{"href":"https:\/\/dev.garden.ee\/en\/wp-json\/wp\/v2\/media?parent=7293"}],"wp:term":[{"taxonomy":"product_brand","embeddable":true,"href":"https:\/\/dev.garden.ee\/en\/wp-json\/wp\/v2\/product_brand?post=7293"},{"taxonomy":"product_cat","embeddable":true,"href":"https:\/\/dev.garden.ee\/en\/wp-json\/wp\/v2\/product_cat?post=7293"},{"taxonomy":"product_tag","embeddable":true,"href":"https:\/\/dev.garden.ee\/en\/wp-json\/wp\/v2\/product_tag?post=7293"}],"curies":[{"name":"wp","href":"https:\/\/api.w.org\/{rel}","templated":true}]}}