{"id":7288,"date":"2023-01-18T17:57:43","date_gmt":"2023-01-18T15:57:43","guid":{"rendered":"https:\/\/dev.zezz.ee\/garden\/toode\/orienta-aladdin-uudis\/"},"modified":"2026-02-08T13:43:57","modified_gmt":"2026-02-08T11:43:57","slug":"orienta-aladdin","status":"publish","type":"product","link":"https:\/\/dev.garden.ee\/en\/product\/orienta-aladdin\/","title":{"rendered":"Orienta\u00ae Aladdin"},"content":{"rendered":"<input class=\"fooboxshare_post_id\" type=\"hidden\" value=\"7288\"\/>","protected":false},"excerpt":{"rendered":"<p>Rosen Tantau ronirooside Orienta\u00ae kollektsiooni kuuluv p\u00f5nev sort. Pikad v\u00f5rsed on p\u00fcstised ning p\u00f5imivad end kenasti iga paviljoni \u00fcmber, luues kauni \u00f5itsva kardina. T\u00e4nu rohketele tolmukatele on \u00f5ied ka v\u00e4\u00e4rtuslikuks allikaks erinevatele tolmeldajatele. Keskmise suurusega (6-8 cm) poolt\u00e4idis\u00f5itel on 9-16 kroonlehte. Sobib ka nt istustuskasti, erinevate pergolate ning kaarte \u00e4\u00e4ristajaks.<\/p>","protected":false},"featured_media":7289,"template":"","meta":[],"product_brand":[],"product_cat":[9637,4415,4414,6934,4397,4416,4402,22],"product_tag":[9417],"class_list":{"0":"post-7288","1":"product","2":"type-product","3":"status-publish","4":"has-post-thumbnail","6":"product_cat-istutuskast","7":"product_cat-lilleaed","8":"product_cat-lohnaaed","9":"product_cat-mesilassobralik-aed","10":"product_cat-ronitaimed","11":"product_cat-roosiaed","12":"product_cat-roosid","13":"product_cat-taimed","14":"product_tag-soodushind-50","15":"pa_aretus-rosen-tantau","16":"pa_avalikustamisaasta-saksamaa-2020","17":"pa_haiguskindlus-vaga-hea","18":"pa_kasvukorgus-200-250-cm","19":"pa_kollektsioon-orienta","20":"pa_laius-80-cm","21":"pa_lisainfo-ronitaim","22":"pa_lisainfo-sobilik-istutuskasti-jaoks","23":"pa_lohn-keskmine","24":"pa_oie-suurus-keskmine","25":"pa_oie-varv-roosa","26":"pa_oie-varv-roosakas","27":"pa_oietuup-pooltaidisois","28":"pa_oitsemine-korduvalt-oitsev","29":"pa_sort-roniroos","30":"pa_talvekindlus-vaga-hea","31":"pa_variatsioon-potis-2l-kevadel","32":"pa_variatsioon-potis-4-6l","34":"first","35":"outofstock","36":"sale","37":"purchasable","38":"product-type-variable"},"acf":[],"_links":{"self":[{"href":"https:\/\/dev.garden.ee\/en\/wp-json\/wp\/v2\/product\/7288","targetHints":{"allow":["GET"]}}],"collection":[{"href":"https:\/\/dev.garden.ee\/en\/wp-json\/wp\/v2\/product"}],"about":[{"href":"https:\/\/dev.garden.ee\/en\/wp-json\/wp\/v2\/types\/product"}],"wp:featuredmedia":[{"embeddable":true,"href":"https:\/\/dev.garden.ee\/en\/wp-json\/wp\/v2\/media\/7289"}],"wp:attachment":[{"href":"https:\/\/dev.garden.ee\/en\/wp-json\/wp\/v2\/media?parent=7288"}],"wp:term":[{"taxonomy":"product_brand","embeddable":true,"href":"https:\/\/dev.garden.ee\/en\/wp-json\/wp\/v2\/product_brand?post=7288"},{"taxonomy":"product_cat","embeddable":true,"href":"https:\/\/dev.garden.ee\/en\/wp-json\/wp\/v2\/product_cat?post=7288"},{"taxonomy":"product_tag","embeddable":true,"href":"https:\/\/dev.garden.ee\/en\/wp-json\/wp\/v2\/product_tag?post=7288"}],"curies":[{"name":"wp","href":"https:\/\/api.w.org\/{rel}","templated":true}]}}