{"id":7284,"date":"2023-01-18T17:57:41","date_gmt":"2023-01-18T15:57:41","guid":{"rendered":"https:\/\/dev.zezz.ee\/garden\/toode\/circle-of-life-uudis\/"},"modified":"2026-02-02T00:36:32","modified_gmt":"2026-02-01T22:36:32","slug":"circle-of-life","status":"publish","type":"product","link":"https:\/\/dev.garden.ee\/en\/product\/circle-of-life\/","title":{"rendered":"Circle of Life\u00ae"},"content":{"rendered":"<input class=\"fooboxshare_post_id\" type=\"hidden\" value=\"7284\"\/>","protected":false},"excerpt":{"rendered":"<p>Kuldkollane kaunitar, kelle inspiratsiooniks oli Elton Johni &#8216;It&#8217;s the Circle of Life&#8230;&#8217; filmist &#8216;L\u00f5vikuningas&#8217; p\u00e4rit lugu, meenutab oma sooja \u00f5ietooniga sealseid Serengeti rahvuspargi p\u00e4ikeseloojanguid. Tegemist Hansestadt Rostock\u00ae t\u00fctarsordiga, sealt p\u00e4rineb ka sordi rikkalik \u00f5itsemine ning kaunis toon. Tegemist on v\u00e4ga erilise sordiga, milles erinevate rooside head omadused kokku \u00fchendatud. Aretajatel endilgi oli keeruline m\u00e4\u00e4ratleda, et mis sordiga on t\u00e4pselt tegu. Tema \u00f5ied on k\u00fcllaltki korrektsed nagu teeh\u00fcbriididele omane, \u00f5itsemine aga v\u00e4ga rikkalik nagu floribundidel ning samas kasv kompaktne ja kohev nagu p\u00f5\u00f5sasroosidel. T\u00e4idetud (17-25 kroonlehte) ning keskmised (8-10 cm) \u00f5ied asetsevad kobaratena. Lisaks headele omadustele on tema lehestik ka suurep\u00e4rase tervisega.<\/p>\n<div class=\"text-base my-auto mx-auto pb-10 [--thread-content-margin:--spacing(4)] @w-sm\/main:[--thread-content-margin:--spacing(6)] @w-lg\/main:[--thread-content-margin:--spacing(16)] px-(--thread-content-margin)\">\n<div class=\"[--thread-content-max-width:40rem] @w-lg\/main:[--thread-content-max-width:48rem] mx-auto max-w-(--thread-content-max-width) flex-1 group\/turn-messages focus-visible:outline-hidden relative flex w-full min-w-0 flex-col agent-turn\" tabindex=\"-1\">\n<div class=\"flex max-w-full flex-col grow\">\n<div class=\"min-h-8 text-message relative flex w-full flex-col items-end gap-2 text-start break-words whitespace-normal [.text-message+&amp;]:mt-1\" dir=\"auto\" data-message-author-role=\"assistant\" data-message-id=\"8db5db6e-252b-4d1c-9b6a-1ca89f093b3e\" data-message-model-slug=\"gpt-5-2\">\n<div class=\"flex w-full flex-col gap-1 empty:hidden first:pt-[1px]\">\n<div class=\"markdown prose dark:prose-invert w-full break-words dark markdown-new-styling\">\n<p data-start=\"0\" data-end=\"75\" data-is-last-node=\"\" data-is-only-node=\"\">Sobib kasutamiseks: hekkides, segaroosipeenardes, solitaarp\u00f5\u00f5saroosina, l\u00f5hnaaedades, romantilistes aedades koos p\u00fcsikutega, segapeenardes, massistutuses, v\u00e4ikestes gruppides ning l\u00f5ikelilleks.<\/p>\n<p data-start=\"0\" data-end=\"75\" data-is-last-node=\"\" data-is-only-node=\"\">See roos, mis s\u00e4rab kaugele, oli Baden-Badeni katseaias aednike lemmik.<\/p>\n<\/div>\n<\/div>\n<\/div>\n<\/div>\n<\/div>\n<\/div>\n<p>Auhinnad: Golden Rose Nyon (Switzerland 2021); International Rose Contest Bagatelle (France 2021).<\/p>\n<p><span style=\"color: #ff0000;\">ETTETELLIMINE, V\u00c4LJASTAMINE APRILLI TEISEST POOLEST<\/span><\/p>","protected":false},"featured_media":7285,"template":"","meta":[],"product_brand":[],"product_cat":[4395,4414,4413,4416,4402,22],"product_tag":[],"class_list":{"0":"post-7284","1":"product","2":"type-product","3":"status-publish","4":"has-post-thumbnail","6":"product_cat-hekid","7":"product_cat-lohnaaed","8":"product_cat-loikelilleaed","9":"product_cat-roosiaed","10":"product_cat-roosid","11":"product_cat-taimed","12":"pa_aretus-rosen-tantau","13":"pa_avalikustamisaasta-saksamaa-2020","14":"pa_haiguskindlus-vaga-hea","15":"pa_kasvukorgus-80-120-cm","16":"pa_laius-45-50-cm","17":"pa_lisainfo-ideaalne-heki-loomiseks","18":"pa_lisainfo-sobib-lohnaaeda","19":"pa_lisainfo-sobib-loikelilleks","20":"pa_lohn-keskmine","21":"pa_lohn-intensiivne","22":"pa_oie-suurus-keskmine","23":"pa_oie-varv-kollane","24":"pa_oietuup-taidisois","25":"pa_oitsemine-korduvalt-oitsev","26":"pa_sort-poosasroos","27":"pa_talvekindlus-vaga-hea","28":"pa_variatsioon-potis-2l-kevadel","29":"pa_variatsioon-potis-4-6l","30":"pa_variatsioon-potis-4-6l-suvel-ja-sugisel","32":"first","33":"outofstock","34":"purchasable","35":"product-type-variable"},"acf":[],"_links":{"self":[{"href":"https:\/\/dev.garden.ee\/en\/wp-json\/wp\/v2\/product\/7284","targetHints":{"allow":["GET"]}}],"collection":[{"href":"https:\/\/dev.garden.ee\/en\/wp-json\/wp\/v2\/product"}],"about":[{"href":"https:\/\/dev.garden.ee\/en\/wp-json\/wp\/v2\/types\/product"}],"wp:featuredmedia":[{"embeddable":true,"href":"https:\/\/dev.garden.ee\/en\/wp-json\/wp\/v2\/media\/7285"}],"wp:attachment":[{"href":"https:\/\/dev.garden.ee\/en\/wp-json\/wp\/v2\/media?parent=7284"}],"wp:term":[{"taxonomy":"product_brand","embeddable":true,"href":"https:\/\/dev.garden.ee\/en\/wp-json\/wp\/v2\/product_brand?post=7284"},{"taxonomy":"product_cat","embeddable":true,"href":"https:\/\/dev.garden.ee\/en\/wp-json\/wp\/v2\/product_cat?post=7284"},{"taxonomy":"product_tag","embeddable":true,"href":"https:\/\/dev.garden.ee\/en\/wp-json\/wp\/v2\/product_tag?post=7284"}],"curies":[{"name":"wp","href":"https:\/\/api.w.org\/{rel}","templated":true}]}}