{"id":714,"date":"2023-01-18T16:37:37","date_gmt":"2023-01-18T14:37:37","guid":{"rendered":"https:\/\/dev.zezz.ee\/garden\/toode\/achillea-millefolium-red-velvet\/"},"modified":"2026-02-16T19:22:33","modified_gmt":"2026-02-16T17:22:33","slug":"achillea-millefolium-red-velvet","status":"publish","type":"product","link":"https:\/\/dev.garden.ee\/en\/product\/achillea-millefolium-red-velvet\/","title":{"rendered":"Achillea millefolium &#8216;Red Velvet&#8217;"},"content":{"rendered":"<input class=\"fooboxshare_post_id\" type=\"hidden\" value=\"714\"\/>","protected":false},"excerpt":{"rendered":"<p>\u00dcks paremaid punakasroosade \u00f5itega sorte. S\u00e4ilitab h\u00e4sti oma v\u00e4rvi, aja jooksul veidi tumeneb.\u00a0\u00d5isiku l\u00e4bim\u00f5\u00f5t ulatub kuni 10 cm. Vormilt kompaktne,\u00a0hallikasrohelise lehestikuga.\u00a0Meelitab aeda liblikaid. J\u00e4nesed ja kitsed teda ei s\u00f6\u00f6.<\/p>","protected":false},"featured_media":550,"template":"","meta":[],"product_brand":[],"product_cat":[4407,4415,4413,4401,22],"product_tag":[],"class_list":{"0":"post-714","1":"product","2":"type-product","3":"status-publish","4":"has-post-thumbnail","6":"product_cat-aasad","7":"product_cat-lilleaed","8":"product_cat-loikelilleaed","9":"product_cat-pusikud","10":"product_cat-taimed","11":"pa_kasvukorgus-60-80-cm","12":"pa_laius-60-cm","13":"pa_lisainfo-janese-kahjustustele-vastupidav","14":"pa_oie-varv-punane","15":"pa_oitsemise-aeg-juuni-september","16":"pa_talvekindlus-vaga-hea","17":"pa_tingimused-kuivema-poolsem","18":"pa_tingimused-vaheviljakas","19":"pa_tsoon-2-9","20":"pa_valguse-tingimused-paike","21":"pa_valguse-tingimused-poolvari","22":"pa_variatsioon-suurem-pott","23":"pa_variatsioon-vaiksem-pott","25":"first","26":"onbackorder","27":"purchasable","28":"product-type-variable"},"acf":[],"_links":{"self":[{"href":"https:\/\/dev.garden.ee\/en\/wp-json\/wp\/v2\/product\/714","targetHints":{"allow":["GET"]}}],"collection":[{"href":"https:\/\/dev.garden.ee\/en\/wp-json\/wp\/v2\/product"}],"about":[{"href":"https:\/\/dev.garden.ee\/en\/wp-json\/wp\/v2\/types\/product"}],"wp:featuredmedia":[{"embeddable":true,"href":"https:\/\/dev.garden.ee\/en\/wp-json\/wp\/v2\/media\/550"}],"wp:attachment":[{"href":"https:\/\/dev.garden.ee\/en\/wp-json\/wp\/v2\/media?parent=714"}],"wp:term":[{"taxonomy":"product_brand","embeddable":true,"href":"https:\/\/dev.garden.ee\/en\/wp-json\/wp\/v2\/product_brand?post=714"},{"taxonomy":"product_cat","embeddable":true,"href":"https:\/\/dev.garden.ee\/en\/wp-json\/wp\/v2\/product_cat?post=714"},{"taxonomy":"product_tag","embeddable":true,"href":"https:\/\/dev.garden.ee\/en\/wp-json\/wp\/v2\/product_tag?post=714"}],"curies":[{"name":"wp","href":"https:\/\/api.w.org\/{rel}","templated":true}]}}