{"id":7139,"date":"2023-01-18T17:56:05","date_gmt":"2023-01-18T15:56:05","guid":{"rendered":"https:\/\/dev.zezz.ee\/garden\/toode\/hosta-first-blush\/"},"modified":"2026-02-27T16:02:45","modified_gmt":"2026-02-27T14:02:45","slug":"hosta-first-blush","status":"publish","type":"product","link":"https:\/\/dev.garden.ee\/en\/product\/hosta-first-blush\/","title":{"rendered":"Hosta &#8216;First Blush&#8217;"},"content":{"rendered":"<input class=\"fooboxshare_post_id\" type=\"hidden\" value=\"7139\"\/>","protected":false},"excerpt":{"rendered":"<p>Esimene punaka lehetooniga hostasort. V\u00e4rv v\u00e4ljendub \u00fcle lehe jooksvates purpurpunastes soonekestes, leheservades ning varres. Lehetipust allapoole tekib kevadeti \u00f5hetav\u00a0 punakas toon, mis suvel taandub. Olenevalt ilmadest ja temperatuurist v\u00f5ib\u00a0 toon muutuda. Parima v\u00e4rvidem\u00e4ngu saavutamiseks oleks see sort soovitatav istutada t\u00e4isp\u00e4ikese k\u00e4tte.<\/p>","protected":false},"featured_media":22980,"template":"","meta":[],"product_brand":[],"product_cat":[4406,4401,4412,22],"product_tag":[],"class_list":{"0":"post-7139","1":"product","2":"type-product","3":"status-publish","4":"has-post-thumbnail","6":"product_cat-park","7":"product_cat-pusikud","8":"product_cat-varjuaed","9":"product_cat-taimed","10":"pa_moodud-k-kuni-35-cm-l-kuni-70-cm","11":"pa_oie-varv-lilla","12":"pa_oitsemise-aeg-august-september","13":"pa_talvekindlus-vaga-hea","14":"pa_variatsioon-suurem-pott","15":"pa_variatsioon-vaiksem-pott","17":"first","18":"instock","19":"purchasable","20":"product-type-variable"},"acf":[],"_links":{"self":[{"href":"https:\/\/dev.garden.ee\/en\/wp-json\/wp\/v2\/product\/7139","targetHints":{"allow":["GET"]}}],"collection":[{"href":"https:\/\/dev.garden.ee\/en\/wp-json\/wp\/v2\/product"}],"about":[{"href":"https:\/\/dev.garden.ee\/en\/wp-json\/wp\/v2\/types\/product"}],"wp:featuredmedia":[{"embeddable":true,"href":"https:\/\/dev.garden.ee\/en\/wp-json\/wp\/v2\/media\/22980"}],"wp:attachment":[{"href":"https:\/\/dev.garden.ee\/en\/wp-json\/wp\/v2\/media?parent=7139"}],"wp:term":[{"taxonomy":"product_brand","embeddable":true,"href":"https:\/\/dev.garden.ee\/en\/wp-json\/wp\/v2\/product_brand?post=7139"},{"taxonomy":"product_cat","embeddable":true,"href":"https:\/\/dev.garden.ee\/en\/wp-json\/wp\/v2\/product_cat?post=7139"},{"taxonomy":"product_tag","embeddable":true,"href":"https:\/\/dev.garden.ee\/en\/wp-json\/wp\/v2\/product_tag?post=7139"}],"curies":[{"name":"wp","href":"https:\/\/api.w.org\/{rel}","templated":true}]}}