{"id":7130,"date":"2023-01-18T17:56:00","date_gmt":"2023-01-18T15:56:00","guid":{"rendered":"https:\/\/dev.zezz.ee\/garden\/toode\/hosta-abiqua-drinking-gourd\/"},"modified":"2026-02-27T15:23:30","modified_gmt":"2026-02-27T13:23:30","slug":"hosta-abiqua-drinking-gourd","status":"publish","type":"product","link":"https:\/\/dev.garden.ee\/en\/product\/hosta-abiqua-drinking-gourd\/","title":{"rendered":"Hosta fortunei &#8216;Abiqua Drinking Gourd&#8217;"},"content":{"rendered":"<input class=\"fooboxshare_post_id\" type=\"hidden\" value=\"7130\"\/>","protected":false},"excerpt":{"rendered":"<p>Kaunilt \u00fcmarad lehed moodustavad v\u00e4ga tiheda, j\u00e4iselt sinise lehestikuga kompaktse m\u00e4tta. Armsalt \u00fcleskeerduvate \u00e4\u00e4rtega lehed sarnanevad just kui vihmavett p\u00fc\u00fcdvatele kausikestele. Suve l\u00f5pus ilmuvad lehestiku vahelt lavendlikarva heledad \u00f5ied. N\u00e4lkjad teda eriti ei armasta.<\/p>","protected":false},"featured_media":7131,"template":"","meta":[],"product_brand":[],"product_cat":[4406,4401,4412,22],"product_tag":[],"class_list":{"0":"post-7130","1":"product","2":"type-product","3":"status-publish","4":"has-post-thumbnail","6":"product_cat-park","7":"product_cat-pusikud","8":"product_cat-varjuaed","9":"product_cat-taimed","10":"pa_moodud-k-45-60-cm-l-80-cm","11":"pa_oie-varv-lilla","12":"pa_oitsemise-aeg-august","13":"pa_tsoon-z-3-8","14":"pa_variatsioon-suurem-pott","15":"pa_variatsioon-vaiksem-pott","17":"first","18":"instock","19":"purchasable","20":"product-type-variable"},"acf":[],"_links":{"self":[{"href":"https:\/\/dev.garden.ee\/en\/wp-json\/wp\/v2\/product\/7130","targetHints":{"allow":["GET"]}}],"collection":[{"href":"https:\/\/dev.garden.ee\/en\/wp-json\/wp\/v2\/product"}],"about":[{"href":"https:\/\/dev.garden.ee\/en\/wp-json\/wp\/v2\/types\/product"}],"wp:featuredmedia":[{"embeddable":true,"href":"https:\/\/dev.garden.ee\/en\/wp-json\/wp\/v2\/media\/7131"}],"wp:attachment":[{"href":"https:\/\/dev.garden.ee\/en\/wp-json\/wp\/v2\/media?parent=7130"}],"wp:term":[{"taxonomy":"product_brand","embeddable":true,"href":"https:\/\/dev.garden.ee\/en\/wp-json\/wp\/v2\/product_brand?post=7130"},{"taxonomy":"product_cat","embeddable":true,"href":"https:\/\/dev.garden.ee\/en\/wp-json\/wp\/v2\/product_cat?post=7130"},{"taxonomy":"product_tag","embeddable":true,"href":"https:\/\/dev.garden.ee\/en\/wp-json\/wp\/v2\/product_tag?post=7130"}],"curies":[{"name":"wp","href":"https:\/\/api.w.org\/{rel}","templated":true}]}}