{"id":7115,"date":"2023-01-18T17:55:53","date_gmt":"2023-01-18T15:55:53","guid":{"rendered":"https:\/\/dev.zezz.ee\/garden\/toode\/hemerocallis-tigereye-spider\/"},"modified":"2026-02-25T18:38:13","modified_gmt":"2026-02-25T16:38:13","slug":"hemerocallis-tigereye-spider","status":"publish","type":"product","link":"https:\/\/dev.garden.ee\/en\/product\/hemerocallis-tigereye-spider\/","title":{"rendered":"Hemerocallis &#8216;Tigereye Spider&#8217;"},"content":{"rendered":"<input class=\"fooboxshare_post_id\" type=\"hidden\" value=\"7115\"\/>","protected":false},"excerpt":{"rendered":"<p>Huvitava \u00f5iev\u00e4rvi ning mustriga p\u00e4evaliiliasort. Oran\u017eidel piklikovaalsetel, v\u00e4ljapoole kaarduvatel kroonlehtedel esinevad purpursed laigud, mille kuju varieerub. \u00d5ied keskmiselt 15 cm suurused. Kasvab h\u00e4sti pea igasugustes tingimustes, kuid parima \u00f5itsemise ja taimekuju saavutab p\u00e4ikeselisel kasvukohal. Pinnase suhtes leplik, kuid eelistab orgaanilise aine rohket ning hea drenaa\u017eiga parasniisket mulda.<\/p>","protected":false},"featured_media":7116,"template":"","meta":[],"product_brand":[],"product_cat":[4415,4401,4409,4392,22],"product_tag":[],"class_list":{"0":"post-7115","1":"product","2":"type-product","3":"status-publish","4":"has-post-thumbnail","6":"product_cat-lilleaed","7":"product_cat-pusikud","8":"product_cat-tiigiaed","9":"product_cat-tiigitaimed","10":"product_cat-taimed","11":"pa_moodud-k-kuni-80-cm-l-kuni-50-cm","12":"pa_oie-varv-purpurne","13":"pa_oitsemise-aeg-juuni-juuli","14":"pa_tsoon-z-3-9","15":"pa_variatsioon-suurem-pott","17":"first","18":"instock","19":"purchasable","20":"product-type-variable"},"acf":[],"_links":{"self":[{"href":"https:\/\/dev.garden.ee\/en\/wp-json\/wp\/v2\/product\/7115","targetHints":{"allow":["GET"]}}],"collection":[{"href":"https:\/\/dev.garden.ee\/en\/wp-json\/wp\/v2\/product"}],"about":[{"href":"https:\/\/dev.garden.ee\/en\/wp-json\/wp\/v2\/types\/product"}],"wp:featuredmedia":[{"embeddable":true,"href":"https:\/\/dev.garden.ee\/en\/wp-json\/wp\/v2\/media\/7116"}],"wp:attachment":[{"href":"https:\/\/dev.garden.ee\/en\/wp-json\/wp\/v2\/media?parent=7115"}],"wp:term":[{"taxonomy":"product_brand","embeddable":true,"href":"https:\/\/dev.garden.ee\/en\/wp-json\/wp\/v2\/product_brand?post=7115"},{"taxonomy":"product_cat","embeddable":true,"href":"https:\/\/dev.garden.ee\/en\/wp-json\/wp\/v2\/product_cat?post=7115"},{"taxonomy":"product_tag","embeddable":true,"href":"https:\/\/dev.garden.ee\/en\/wp-json\/wp\/v2\/product_tag?post=7115"}],"curies":[{"name":"wp","href":"https:\/\/api.w.org\/{rel}","templated":true}]}}