{"id":7104,"date":"2023-01-18T17:55:46","date_gmt":"2023-01-18T15:55:46","guid":{"rendered":"https:\/\/dev.zezz.ee\/garden\/toode\/helianthus-lemon-queen\/"},"modified":"2026-02-24T19:30:20","modified_gmt":"2026-02-24T17:30:20","slug":"helianthus-lemon-queen","status":"publish","type":"product","link":"https:\/\/dev.garden.ee\/en\/product\/helianthus-lemon-queen\/","title":{"rendered":"Helianthus &#8216;Lemon Queen&#8217;"},"content":{"rendered":"<input class=\"fooboxshare_post_id\" type=\"hidden\" value=\"7104\"\/>","protected":false},"excerpt":{"rendered":"<p>Tugevakasvuline p\u00e4evalill, mis v\u00f5ib k\u00f5rguda kuni kahe meetrini. Lehed on j\u00e4medad tumerohelised ning \u00f5ied sidrunikarva \u00f5rnkollased, millest ka sordi nimetus. Kroonlehed kuni 5 cm pikkused. Armastab keskmiselt niisket huumusrikast pinda ja p\u00e4ikeselist kasvukohta.<\/p>","protected":false},"featured_media":23974,"template":"","meta":[],"product_brand":[],"product_cat":[4415,4413,4401,22],"product_tag":[],"class_list":{"0":"post-7104","1":"product","2":"type-product","3":"status-publish","4":"has-post-thumbnail","6":"product_cat-lilleaed","7":"product_cat-loikelilleaed","8":"product_cat-pusikud","9":"product_cat-taimed","10":"pa_haiguskindlus-vaga-hea","11":"pa_moodud-k-15-2-m-l-50-100-cm","12":"pa_oie-varv-kollane","13":"pa_oitsemise-aeg-august-september","14":"pa_tsoon-z-4-9","15":"pa_variatsioon-suurem-pott","16":"pa_variatsioon-suurem-pott-soodushind-50","18":"first","19":"instock","20":"sale","21":"purchasable","22":"product-type-variable"},"acf":[],"_links":{"self":[{"href":"https:\/\/dev.garden.ee\/en\/wp-json\/wp\/v2\/product\/7104","targetHints":{"allow":["GET"]}}],"collection":[{"href":"https:\/\/dev.garden.ee\/en\/wp-json\/wp\/v2\/product"}],"about":[{"href":"https:\/\/dev.garden.ee\/en\/wp-json\/wp\/v2\/types\/product"}],"wp:featuredmedia":[{"embeddable":true,"href":"https:\/\/dev.garden.ee\/en\/wp-json\/wp\/v2\/media\/23974"}],"wp:attachment":[{"href":"https:\/\/dev.garden.ee\/en\/wp-json\/wp\/v2\/media?parent=7104"}],"wp:term":[{"taxonomy":"product_brand","embeddable":true,"href":"https:\/\/dev.garden.ee\/en\/wp-json\/wp\/v2\/product_brand?post=7104"},{"taxonomy":"product_cat","embeddable":true,"href":"https:\/\/dev.garden.ee\/en\/wp-json\/wp\/v2\/product_cat?post=7104"},{"taxonomy":"product_tag","embeddable":true,"href":"https:\/\/dev.garden.ee\/en\/wp-json\/wp\/v2\/product_tag?post=7104"}],"curies":[{"name":"wp","href":"https:\/\/api.w.org\/{rel}","templated":true}]}}