{"id":7099,"date":"2023-01-18T17:55:43","date_gmt":"2023-01-18T15:55:43","guid":{"rendered":"https:\/\/dev.zezz.ee\/garden\/toode\/erigeron-speciosus-quakeress-uus\/"},"modified":"2026-02-23T19:47:48","modified_gmt":"2026-02-23T17:47:48","slug":"erigeron-speciosus-quakeress","status":"publish","type":"product","link":"https:\/\/dev.garden.ee\/en\/product\/erigeron-speciosus-quakeress\/","title":{"rendered":"Erigeron speciosus &#8216;Quakeress&#8217;"},"content":{"rendered":"<input class=\"fooboxshare_post_id\" type=\"hidden\" value=\"7099\"\/>","protected":false},"excerpt":{"rendered":"<p>Eluj\u00f5ulise kasvuga, klumpe moodustav p\u00fcsik, mis kasvab parimates oludes kuni 70 cm k\u00f5rguseks. Lehed kitsas-ovaalsed, \u00f5ied helelillad niitjate kroonlehtede ja kollaka s\u00fcdamikuga. Massiline \u00f5itsemine toimub suveperioodil. Kasvupinnas eelistatavalt parasniiiske ja viljakas, ei tohiks lasta l\u00e4bi kuivada.<\/p>","protected":false},"featured_media":7100,"template":"","meta":[],"product_brand":[],"product_cat":[4415,4413,4401,22],"product_tag":[],"class_list":{"0":"post-7099","1":"product","2":"type-product","3":"status-publish","4":"has-post-thumbnail","6":"product_cat-lilleaed","7":"product_cat-loikelilleaed","8":"product_cat-pusikud","9":"product_cat-taimed","10":"pa_kasvukorgus-50-70-cm-2","11":"pa_laius-30-50-cm","12":"pa_lisainfo-mesilaste-lemmik","13":"pa_oie-varv-lilla","14":"pa_oitsemise-aeg-juuni-september","15":"pa_tingimused-hea-drenaaz","16":"pa_tingimused-parasniiske","17":"pa_tingimused-viljakas","18":"pa_valguse-tingimused-paike","19":"pa_variatsioon-suurem-pott","20":"pa_variatsioon-vaiksem-pott","22":"first","23":"instock","24":"purchasable","25":"product-type-variable"},"acf":[],"_links":{"self":[{"href":"https:\/\/dev.garden.ee\/en\/wp-json\/wp\/v2\/product\/7099","targetHints":{"allow":["GET"]}}],"collection":[{"href":"https:\/\/dev.garden.ee\/en\/wp-json\/wp\/v2\/product"}],"about":[{"href":"https:\/\/dev.garden.ee\/en\/wp-json\/wp\/v2\/types\/product"}],"wp:featuredmedia":[{"embeddable":true,"href":"https:\/\/dev.garden.ee\/en\/wp-json\/wp\/v2\/media\/7100"}],"wp:attachment":[{"href":"https:\/\/dev.garden.ee\/en\/wp-json\/wp\/v2\/media?parent=7099"}],"wp:term":[{"taxonomy":"product_brand","embeddable":true,"href":"https:\/\/dev.garden.ee\/en\/wp-json\/wp\/v2\/product_brand?post=7099"},{"taxonomy":"product_cat","embeddable":true,"href":"https:\/\/dev.garden.ee\/en\/wp-json\/wp\/v2\/product_cat?post=7099"},{"taxonomy":"product_tag","embeddable":true,"href":"https:\/\/dev.garden.ee\/en\/wp-json\/wp\/v2\/product_tag?post=7099"}],"curies":[{"name":"wp","href":"https:\/\/api.w.org\/{rel}","templated":true}]}}