{"id":7094,"date":"2023-01-18T17:55:40","date_gmt":"2023-01-18T15:55:40","guid":{"rendered":"https:\/\/dev.zezz.ee\/garden\/toode\/epipactis-palustris-uus\/"},"modified":"2026-02-23T18:42:56","modified_gmt":"2026-02-23T16:42:56","slug":"epipactis-palustris","status":"publish","type":"product","link":"https:\/\/dev.garden.ee\/en\/product\/epipactis-palustris\/","title":{"rendered":"Epipactis palustris"},"content":{"rendered":"<input class=\"fooboxshare_post_id\" type=\"hidden\" value=\"7094\"\/>","protected":false},"excerpt":{"rendered":"<p>Moodustab teravatipuliste lehtedega madala roseti. Erinevalt muudest liigikaaslastest, on sellel pilkup\u00fc\u00fcdvad, v\u00e4rvilised, pruunikaslillakad, kreemiselt rohelised \u00f5ied. \u00d5ites\u00fcdamikud on punakad ning s\u00fcdamikust v\u00e4ljaulatuv valkjas kroonleht on volangilise servaga. Taim on looduslikult laialt levinud Suurbritannias ja Iirimaal. V\u00f5ib kasvada nii luidetel kui paesel pinnasel, kuid kasvukoht v\u00f5iks olla parajalt niiske ja aluseline. Levib risoomselt ja seemendab end ise.<\/p>","protected":false},"featured_media":7095,"template":"","meta":[],"product_brand":[],"product_cat":[4406,9200,4401,4412,22],"product_tag":[],"class_list":{"0":"post-7094","1":"product","2":"type-product","3":"status-publish","4":"has-post-thumbnail","6":"product_cat-park","7":"product_cat-pinnakatjad","8":"product_cat-pusikud","9":"product_cat-varjuaed","10":"product_cat-taimed","11":"pa_kasvukorgus-30-60-cm","12":"pa_laius-30-60-cm","13":"pa_lisainfo-sobib-osalise-varjuga-kasvualale","14":"pa_oie-varv-valge","15":"pa_oitsemise-aeg-juuni-august","16":"pa_tingimused-aluseline","17":"pa_tingimused-hea-drenaaz","18":"pa_tingimused-neutraalne","19":"pa_tingimused-parasniiske","20":"pa_tsoon-5-9","21":"pa_valguse-tingimused-paike","22":"pa_valguse-tingimused-poolvari","23":"pa_variatsioon-suurem-pott","24":"pa_variatsioon-vaiksem-pott","26":"first","27":"instock","28":"purchasable","29":"product-type-variable"},"acf":[],"_links":{"self":[{"href":"https:\/\/dev.garden.ee\/en\/wp-json\/wp\/v2\/product\/7094","targetHints":{"allow":["GET"]}}],"collection":[{"href":"https:\/\/dev.garden.ee\/en\/wp-json\/wp\/v2\/product"}],"about":[{"href":"https:\/\/dev.garden.ee\/en\/wp-json\/wp\/v2\/types\/product"}],"wp:featuredmedia":[{"embeddable":true,"href":"https:\/\/dev.garden.ee\/en\/wp-json\/wp\/v2\/media\/7095"}],"wp:attachment":[{"href":"https:\/\/dev.garden.ee\/en\/wp-json\/wp\/v2\/media?parent=7094"}],"wp:term":[{"taxonomy":"product_brand","embeddable":true,"href":"https:\/\/dev.garden.ee\/en\/wp-json\/wp\/v2\/product_brand?post=7094"},{"taxonomy":"product_cat","embeddable":true,"href":"https:\/\/dev.garden.ee\/en\/wp-json\/wp\/v2\/product_cat?post=7094"},{"taxonomy":"product_tag","embeddable":true,"href":"https:\/\/dev.garden.ee\/en\/wp-json\/wp\/v2\/product_tag?post=7094"}],"curies":[{"name":"wp","href":"https:\/\/api.w.org\/{rel}","templated":true}]}}