{"id":7089,"date":"2023-01-18T17:55:36","date_gmt":"2023-01-18T15:55:36","guid":{"rendered":"https:\/\/dev.zezz.ee\/garden\/toode\/epimedium-stellulatum-wudang-star\/"},"modified":"2026-02-23T15:22:30","modified_gmt":"2026-02-23T13:22:30","slug":"epimedium-stellulatum-wudang-star","status":"publish","type":"product","link":"https:\/\/dev.garden.ee\/en\/product\/epimedium-stellulatum-wudang-star\/","title":{"rendered":"Epimedium stellulatum &#8216;Wudang Star&#8217;"},"content":{"rendered":"<input class=\"fooboxshare_post_id\" type=\"hidden\" value=\"7089\"\/>","protected":false},"excerpt":{"rendered":"<p>Kollektsion\u00e4\u00e4r Roy Lancasteri poolt nimetatud taim moodustab kompaktseid klumpe, mis v\u00f5ib soodsate olude korral ka igihaljas olla.\u00a0 Lehed ovaalsed, teravhambulised ja varieeruvad oliivrohelistest punakaspruunideni. Noorena pronksjat tooni varred on sihvakad ja traatjad ning kannavad l\u00fchikesi t\u00e4hekujulisi valgeid \u00f5isi. \u00d5itseb kevadel. Soovituslik on s\u00fcgisel v\u00f5i kevadel taim tagasi l\u00f5igata. Talveks katta mult\u0161iga.<\/p>","protected":false},"featured_media":7090,"template":"","meta":[],"product_brand":[],"product_cat":[4406,9200,4401,4412,22],"product_tag":[],"class_list":{"0":"post-7089","1":"product","2":"type-product","3":"status-publish","4":"has-post-thumbnail","6":"product_cat-park","7":"product_cat-pinnakatjad","8":"product_cat-pusikud","9":"product_cat-varjuaed","10":"product_cat-taimed","11":"pa_kasvukorgus-30-cm","12":"pa_laius-60-cm","13":"pa_lisainfo-hea-pinnakatja","14":"pa_lisainfo-sobib-osalise-varjuga-kasvualale","15":"pa_lisainfo-vajab-tuulte-eest-varju","16":"pa_oie-varv-valge","17":"pa_oitsemise-aeg-mai","18":"pa_talvekindlus-hea","19":"pa_tingimused-hea-drenaaz","20":"pa_tingimused-niiske","21":"pa_tingimused-viljakas","22":"pa_tsoon-4-9","23":"pa_valguse-tingimused-poolvari","24":"pa_variatsioon-suurem-pott","25":"pa_variatsioon-vaiksem-pott","27":"first","28":"instock","29":"purchasable","30":"product-type-variable"},"acf":[],"_links":{"self":[{"href":"https:\/\/dev.garden.ee\/en\/wp-json\/wp\/v2\/product\/7089","targetHints":{"allow":["GET"]}}],"collection":[{"href":"https:\/\/dev.garden.ee\/en\/wp-json\/wp\/v2\/product"}],"about":[{"href":"https:\/\/dev.garden.ee\/en\/wp-json\/wp\/v2\/types\/product"}],"wp:featuredmedia":[{"embeddable":true,"href":"https:\/\/dev.garden.ee\/en\/wp-json\/wp\/v2\/media\/7090"}],"wp:attachment":[{"href":"https:\/\/dev.garden.ee\/en\/wp-json\/wp\/v2\/media?parent=7089"}],"wp:term":[{"taxonomy":"product_brand","embeddable":true,"href":"https:\/\/dev.garden.ee\/en\/wp-json\/wp\/v2\/product_brand?post=7089"},{"taxonomy":"product_cat","embeddable":true,"href":"https:\/\/dev.garden.ee\/en\/wp-json\/wp\/v2\/product_cat?post=7089"},{"taxonomy":"product_tag","embeddable":true,"href":"https:\/\/dev.garden.ee\/en\/wp-json\/wp\/v2\/product_tag?post=7089"}],"curies":[{"name":"wp","href":"https:\/\/api.w.org\/{rel}","templated":true}]}}