{"id":7085,"date":"2023-01-18T17:55:33","date_gmt":"2023-01-18T15:55:33","guid":{"rendered":"https:\/\/dev.zezz.ee\/garden\/toode\/echinacea-purp-virgin\/"},"modified":"2026-02-22T20:54:38","modified_gmt":"2026-02-22T18:54:38","slug":"echinacea-purp-virgin","status":"publish","type":"product","link":"https:\/\/dev.garden.ee\/en\/product\/echinacea-purp-virgin\/","title":{"rendered":"Echinacea purpurea &#8216;Virgin&#8217;"},"content":{"rendered":"<input class=\"fooboxshare_post_id\" type=\"hidden\" value=\"7085\"\/>","protected":false},"excerpt":{"rendered":"<p>P\u00fcstiseid, kompaktseid klumpe moodustav taim, millel on k\u00f5rgetel \u00f5ievartel erevalged sakiliseservaliste kroonlehtede ning rohelise s\u00fcdamikuga \u00f5iepead. Lehestik keskmiselt tumeroheline. Lehed ovaalsed, \u00f5rnkarvased. \u00d5ied meeldivalt l\u00f5hnavad. Eelistab t\u00e4isp\u00e4ikest, kuid saab hakkama ka poolvarjus. Soovitatav istutada paksu mullakihiga alasse, et tagada tugevam ning s\u00fcgavam juurdumine.<\/p>","protected":false},"featured_media":7086,"template":"","meta":[],"product_brand":[],"product_cat":[4415,4413,6934,4401,22],"product_tag":[],"class_list":{"0":"post-7085","1":"product","2":"type-product","3":"status-publish","4":"has-post-thumbnail","6":"product_cat-lilleaed","7":"product_cat-loikelilleaed","8":"product_cat-mesilassobralik-aed","9":"product_cat-pusikud","10":"product_cat-taimed","11":"pa_haiguskindlus-hea","12":"pa_kasvukorgus-40-60-cm","13":"pa_laius-40-50-cm","14":"pa_lisainfo-mesilaste-lemmik","15":"pa_lisainfo-sobib-loikelilleks","16":"pa_lisainfo-sobib-osalise-varjuga-kasvualale","17":"pa_lisainfo-talub-ka-tuulisemat-kasvukohta","18":"pa_lohn-orn","19":"pa_oie-varv-valge","20":"pa_oitsemise-aeg-juuni-august","21":"pa_talvekindlus-vaga-hea","22":"pa_tingimused-hea-drenaaz","23":"pa_tingimused-huumusrikas","24":"pa_tingimused-parasniiske","25":"pa_tsoon-4-9","26":"pa_valguse-tingimused-paike","27":"pa_valguse-tingimused-poolvari","28":"pa_variatsioon-suurem-pott","29":"pa_variatsioon-vaiksem-pott","31":"first","32":"onbackorder","33":"purchasable","34":"product-type-variable"},"acf":[],"_links":{"self":[{"href":"https:\/\/dev.garden.ee\/en\/wp-json\/wp\/v2\/product\/7085","targetHints":{"allow":["GET"]}}],"collection":[{"href":"https:\/\/dev.garden.ee\/en\/wp-json\/wp\/v2\/product"}],"about":[{"href":"https:\/\/dev.garden.ee\/en\/wp-json\/wp\/v2\/types\/product"}],"wp:featuredmedia":[{"embeddable":true,"href":"https:\/\/dev.garden.ee\/en\/wp-json\/wp\/v2\/media\/7086"}],"wp:attachment":[{"href":"https:\/\/dev.garden.ee\/en\/wp-json\/wp\/v2\/media?parent=7085"}],"wp:term":[{"taxonomy":"product_brand","embeddable":true,"href":"https:\/\/dev.garden.ee\/en\/wp-json\/wp\/v2\/product_brand?post=7085"},{"taxonomy":"product_cat","embeddable":true,"href":"https:\/\/dev.garden.ee\/en\/wp-json\/wp\/v2\/product_cat?post=7085"},{"taxonomy":"product_tag","embeddable":true,"href":"https:\/\/dev.garden.ee\/en\/wp-json\/wp\/v2\/product_tag?post=7085"}],"curies":[{"name":"wp","href":"https:\/\/api.w.org\/{rel}","templated":true}]}}