{"id":7081,"date":"2023-01-18T17:55:32","date_gmt":"2023-01-18T15:55:32","guid":{"rendered":"https:\/\/dev.zezz.ee\/garden\/toode\/echinacea-purp-skipper-yellow\/"},"modified":"2026-02-22T21:00:45","modified_gmt":"2026-02-22T19:00:45","slug":"echinacea-purp-skipper-yellow","status":"publish","type":"product","link":"https:\/\/dev.garden.ee\/en\/product\/echinacea-purp-skipper-yellow\/","title":{"rendered":"Echinacea purpurea &#8216;Skipper Yellow&#8217;"},"content":{"rendered":"<input class=\"fooboxshare_post_id\" type=\"hidden\" value=\"7081\"\/>","protected":false},"excerpt":{"rendered":"<p>Uus siilk\u00fcbara sort, millel on s\u00fcgavalt sidrunikollased ja eredad \u00f5ied.\u00a0Tugev, kompaktne taim p\u00fcstiste \u00f5ievartega, kiire kasvuga. Vastupidav nii tugevamatele vihmadele kui tuultele. Sobilik ka\u00a0 konteineristutuseks. Tolmeldajate poolt armastatud.<\/p>","protected":false},"featured_media":22958,"template":"","meta":[],"product_brand":[],"product_cat":[9637,4415,4413,6934,4401,22],"product_tag":[],"class_list":{"0":"post-7081","1":"product","2":"type-product","3":"status-publish","4":"has-post-thumbnail","6":"product_cat-istutuskast","7":"product_cat-lilleaed","8":"product_cat-loikelilleaed","9":"product_cat-mesilassobralik-aed","10":"product_cat-pusikud","11":"product_cat-taimed","12":"pa_kasvukorgus-35-40-cm-2","13":"pa_laius-45-60-cm","14":"pa_lisainfo-mesilaste-lemmik","15":"pa_lisainfo-sobilik-istutuskasti-jaoks","16":"pa_lisainfo-sobib-loikelilleks","17":"pa_lisainfo-talub-ka-tuulisemat-kasvukohta","18":"pa_oie-varv-sidrunkollane","19":"pa_oitsemise-aeg-juuni-august","20":"pa_talvekindlus-hea","21":"pa_tingimused-hea-drenaaz","22":"pa_tingimused-kergelt-kivine","23":"pa_tingimused-kergelt-kruusane","24":"pa_tingimused-kergelt-liivane","25":"pa_tingimused-parasniiske","26":"pa_tsoon-4-9","27":"pa_valguse-tingimused-paike","28":"pa_valguse-tingimused-poolvari","29":"pa_variatsioon-suurem-pott","30":"pa_variatsioon-vaiksem-pott","32":"first","33":"instock","34":"purchasable","35":"product-type-variable"},"acf":[],"_links":{"self":[{"href":"https:\/\/dev.garden.ee\/en\/wp-json\/wp\/v2\/product\/7081","targetHints":{"allow":["GET"]}}],"collection":[{"href":"https:\/\/dev.garden.ee\/en\/wp-json\/wp\/v2\/product"}],"about":[{"href":"https:\/\/dev.garden.ee\/en\/wp-json\/wp\/v2\/types\/product"}],"wp:featuredmedia":[{"embeddable":true,"href":"https:\/\/dev.garden.ee\/en\/wp-json\/wp\/v2\/media\/22958"}],"wp:attachment":[{"href":"https:\/\/dev.garden.ee\/en\/wp-json\/wp\/v2\/media?parent=7081"}],"wp:term":[{"taxonomy":"product_brand","embeddable":true,"href":"https:\/\/dev.garden.ee\/en\/wp-json\/wp\/v2\/product_brand?post=7081"},{"taxonomy":"product_cat","embeddable":true,"href":"https:\/\/dev.garden.ee\/en\/wp-json\/wp\/v2\/product_cat?post=7081"},{"taxonomy":"product_tag","embeddable":true,"href":"https:\/\/dev.garden.ee\/en\/wp-json\/wp\/v2\/product_tag?post=7081"}],"curies":[{"name":"wp","href":"https:\/\/api.w.org\/{rel}","templated":true}]}}