{"id":708,"date":"2023-01-18T16:37:34","date_gmt":"2023-01-18T14:37:34","guid":{"rendered":"https:\/\/dev.zezz.ee\/garden\/toode\/achillea-millefolium-terracotta\/"},"modified":"2026-02-16T19:29:13","modified_gmt":"2026-02-16T17:29:13","slug":"achillea-millefolium-terracotta","status":"publish","type":"product","link":"https:\/\/dev.garden.ee\/en\/product\/achillea-millefolium-terracotta\/","title":{"rendered":"Achillea millefolium &#8216;Terracotta&#8217;"},"content":{"rendered":"<input class=\"fooboxshare_post_id\" type=\"hidden\" value=\"708\"\/>","protected":false},"excerpt":{"rendered":"<p>Lameda pealispinnaga \u00f5isikud on pidevas v\u00e4rvide muutumises &#8211; algne virsiku, l\u00f5heroosa toon muutub pronksjas-oran\u017eiks, terrakota sarnaseks. Lehestik h\u00f5bedane, hallikasroheline.\u00a0Liiga rikkalikus mullas kaotab ilusa vormi ja v\u00f5ib \u00e4ra vajuda. K\u00f5ige paremini tunneb end taim kuivemas, p\u00e4ikeselisemas ja kindlasti tuulevaikses kasvukohas. Talub h\u00e4sti kuuma suvep\u00e4ikest.\u00a0Liblikate lemmik.<\/p>\n<p>Hooldus: Puhmjas p\u00fcsik, mis ei vaja palju hooldust. K\u00fcll aga n\u00e4evad raudrohud v\u00e4rskemad ja uhkemad v\u00e4lja, kui nende h\u00e4\u00e4bunud \u00f5isi korrap\u00e4raselt \u00e4ra l\u00f5igata. Peale \u00f5itsemist v\u00f5ib taime tagasi l\u00f5igata kuni p\u00f5hilehtedeni v\u00e4lja, sel juhul on v\u00f5imalus saada s\u00fcgisepoole uusi \u00f5isi. Iga 3-4 aasta j\u00e4rel tuleks taime jagada.\u00a0<span style=\"color: #ff0000;\"><br \/>\n<\/span><\/p>","protected":false},"featured_media":22920,"template":"","meta":[],"product_brand":[],"product_cat":[4407,4415,4413,4401,22],"product_tag":[],"class_list":{"0":"post-708","1":"product","2":"type-product","3":"status-publish","4":"has-post-thumbnail","6":"product_cat-aasad","7":"product_cat-lilleaed","8":"product_cat-loikelilleaed","9":"product_cat-pusikud","10":"product_cat-taimed","11":"pa_haiguskindlus-vaga-hea","12":"pa_kasvukorgus-70-cm","13":"pa_laius-40-cm","14":"pa_lisainfo-janese-kahjustustele-vastupidav","15":"pa_oie-varv-oranz","16":"pa_oitsemise-aeg-juuni-august","17":"pa_talvekindlus-vaga-hea","18":"pa_tingimused-kuivema-poolsem","19":"pa_tingimused-vaheviljakas","20":"pa_tsoon-4-9","21":"pa_valguse-tingimused-paike","22":"pa_variatsioon-suurem-pott","23":"pa_variatsioon-vaiksem-pott","25":"first","26":"onbackorder","27":"purchasable","28":"product-type-variable"},"acf":[],"_links":{"self":[{"href":"https:\/\/dev.garden.ee\/en\/wp-json\/wp\/v2\/product\/708","targetHints":{"allow":["GET"]}}],"collection":[{"href":"https:\/\/dev.garden.ee\/en\/wp-json\/wp\/v2\/product"}],"about":[{"href":"https:\/\/dev.garden.ee\/en\/wp-json\/wp\/v2\/types\/product"}],"wp:featuredmedia":[{"embeddable":true,"href":"https:\/\/dev.garden.ee\/en\/wp-json\/wp\/v2\/media\/22920"}],"wp:attachment":[{"href":"https:\/\/dev.garden.ee\/en\/wp-json\/wp\/v2\/media?parent=708"}],"wp:term":[{"taxonomy":"product_brand","embeddable":true,"href":"https:\/\/dev.garden.ee\/en\/wp-json\/wp\/v2\/product_brand?post=708"},{"taxonomy":"product_cat","embeddable":true,"href":"https:\/\/dev.garden.ee\/en\/wp-json\/wp\/v2\/product_cat?post=708"},{"taxonomy":"product_tag","embeddable":true,"href":"https:\/\/dev.garden.ee\/en\/wp-json\/wp\/v2\/product_tag?post=708"}],"curies":[{"name":"wp","href":"https:\/\/api.w.org\/{rel}","templated":true}]}}