{"id":7063,"date":"2023-01-18T17:55:21","date_gmt":"2023-01-18T15:55:21","guid":{"rendered":"https:\/\/dev.zezz.ee\/garden\/toode\/lysimachia-clethroides\/"},"modified":"2026-03-02T16:50:30","modified_gmt":"2026-03-02T14:50:30","slug":"lysimachia-clethroides","status":"publish","type":"product","link":"https:\/\/dev.garden.ee\/en\/product\/lysimachia-clethroides\/","title":{"rendered":"Lysimachia clethroides"},"content":{"rendered":"<input class=\"fooboxshare_post_id\" type=\"hidden\" value=\"7063\"\/>","protected":false},"excerpt":{"rendered":"<p>Looduslikult Jaapanis ja Hiinas levinud p\u00fcsik on tiheda kasvuga, kompaktne ja esitleb imeliselt rohkeid, just kui valgeid hane p\u00e4id meenutavaid \u00f5isi. J\u00f5ulise ja kiire kasvuga, risoomselt leviv. Sobib suurep\u00e4rselt vabakujundusega looduslikku aeda. Oma kaunite omaduste t\u00f5ttu p\u00e4lvinud Kuningliku Aiandusseltsi tunnustuse <em>Award of Garden Merit.\u00a0<\/em>Lisaks auhinnatud hea s\u00e4ilivuse t\u00f5ttu floristide poolt.<\/p>\n<p>Hooldusn\u00f5udena kehtib soovitus: p\u00e4rast \u00f5itsemist tagasi l\u00f5igata.<\/p>","protected":false},"featured_media":7064,"template":"","meta":[],"product_brand":[],"product_cat":[4415,4413,6934,4401,4409,4392,22],"product_tag":[9209],"class_list":{"0":"post-7063","1":"product","2":"type-product","3":"status-publish","4":"has-post-thumbnail","6":"product_cat-lilleaed","7":"product_cat-loikelilleaed","8":"product_cat-mesilassobralik-aed","9":"product_cat-pusikud","10":"product_cat-tiigiaed","11":"product_cat-tiigitaimed","12":"product_cat-taimed","13":"product_tag-rhs-award-of-garden-merit","14":"pa_haiguskindlus-vaga-hea","15":"pa_moodud-k-60-90-cm-l-60-120-cm","16":"pa_oie-varv-valge","17":"pa_oitsemise-aeg-juuli-august","18":"pa_tsoon-z-3-8","19":"pa_variatsioon-suurem-pott","20":"pa_variatsioon-vaiksem-pott","22":"first","23":"outofstock","24":"purchasable","25":"product-type-variable"},"acf":[],"_links":{"self":[{"href":"https:\/\/dev.garden.ee\/en\/wp-json\/wp\/v2\/product\/7063","targetHints":{"allow":["GET"]}}],"collection":[{"href":"https:\/\/dev.garden.ee\/en\/wp-json\/wp\/v2\/product"}],"about":[{"href":"https:\/\/dev.garden.ee\/en\/wp-json\/wp\/v2\/types\/product"}],"wp:featuredmedia":[{"embeddable":true,"href":"https:\/\/dev.garden.ee\/en\/wp-json\/wp\/v2\/media\/7064"}],"wp:attachment":[{"href":"https:\/\/dev.garden.ee\/en\/wp-json\/wp\/v2\/media?parent=7063"}],"wp:term":[{"taxonomy":"product_brand","embeddable":true,"href":"https:\/\/dev.garden.ee\/en\/wp-json\/wp\/v2\/product_brand?post=7063"},{"taxonomy":"product_cat","embeddable":true,"href":"https:\/\/dev.garden.ee\/en\/wp-json\/wp\/v2\/product_cat?post=7063"},{"taxonomy":"product_tag","embeddable":true,"href":"https:\/\/dev.garden.ee\/en\/wp-json\/wp\/v2\/product_tag?post=7063"}],"curies":[{"name":"wp","href":"https:\/\/api.w.org\/{rel}","templated":true}]}}