{"id":7059,"date":"2023-01-18T17:55:18","date_gmt":"2023-01-18T15:55:18","guid":{"rendered":"https:\/\/dev.zezz.ee\/garden\/toode\/petasites-japonicus-giganteus-uus\/"},"modified":"2026-03-05T18:35:44","modified_gmt":"2026-03-05T16:35:44","slug":"petasites-japonicus-giganteus","status":"publish","type":"product","link":"https:\/\/dev.garden.ee\/en\/product\/petasites-japonicus-giganteus\/","title":{"rendered":"Petasites japonicus &#8216;Giganteus&#8217;"},"content":{"rendered":"<input class=\"fooboxshare_post_id\" type=\"hidden\" value=\"7059\"\/>","protected":false},"excerpt":{"rendered":"<p>Silmatorkavalt j\u00f5uline suurekasvuline p\u00fcsik. Kasvatab kuni 90 cm l\u00e4bim\u00f5\u00f5duga lehti ning ulatub ise kasvult kuni pooleteise meetrini. Juba kevadel end ilmutavad \u00f5ied paiknevad p\u00fcstistel \u00f5ievartel tihedasti kobaras. \u00d5isiku l\u00e4bim\u00f5\u00f5t kuni 30 cm.\u00a0K\u00f5ige parem kasvatada s\u00fcgavas huumusrikkas mullas, poolvarjulisel alal. Looduslikult levinud kaldapealsetel, niisketel aladel.<\/p>","protected":false},"featured_media":7060,"template":"","meta":[],"product_brand":[],"product_cat":[4401,4409,4392,22],"product_tag":[],"class_list":{"0":"post-7059","1":"product","2":"type-product","3":"status-publish","4":"has-post-thumbnail","6":"product_cat-pusikud","7":"product_cat-tiigiaed","8":"product_cat-tiigitaimed","9":"product_cat-taimed","10":"pa_haiguskindlus-hea","11":"pa_moodud-k-100-150-cm-l-2-m","12":"pa_oie-varv-valge","13":"pa_oitsemise-aeg-mai-juuni","14":"pa_tsoon-z-5-9","15":"pa_variatsioon-suurem-pott","16":"pa_variatsioon-vaiksem-pott","18":"first","19":"outofstock","20":"purchasable","21":"product-type-variable"},"acf":[],"_links":{"self":[{"href":"https:\/\/dev.garden.ee\/en\/wp-json\/wp\/v2\/product\/7059","targetHints":{"allow":["GET"]}}],"collection":[{"href":"https:\/\/dev.garden.ee\/en\/wp-json\/wp\/v2\/product"}],"about":[{"href":"https:\/\/dev.garden.ee\/en\/wp-json\/wp\/v2\/types\/product"}],"wp:featuredmedia":[{"embeddable":true,"href":"https:\/\/dev.garden.ee\/en\/wp-json\/wp\/v2\/media\/7060"}],"wp:attachment":[{"href":"https:\/\/dev.garden.ee\/en\/wp-json\/wp\/v2\/media?parent=7059"}],"wp:term":[{"taxonomy":"product_brand","embeddable":true,"href":"https:\/\/dev.garden.ee\/en\/wp-json\/wp\/v2\/product_brand?post=7059"},{"taxonomy":"product_cat","embeddable":true,"href":"https:\/\/dev.garden.ee\/en\/wp-json\/wp\/v2\/product_cat?post=7059"},{"taxonomy":"product_tag","embeddable":true,"href":"https:\/\/dev.garden.ee\/en\/wp-json\/wp\/v2\/product_tag?post=7059"}],"curies":[{"name":"wp","href":"https:\/\/api.w.org\/{rel}","templated":true}]}}