{"id":7053,"date":"2023-01-18T17:55:15","date_gmt":"2023-01-18T15:55:15","guid":{"rendered":"https:\/\/dev.zezz.ee\/garden\/toode\/persicaria-amplexicaulis-pink-elephant\/"},"modified":"2026-03-05T17:28:11","modified_gmt":"2026-03-05T15:28:11","slug":"persicaria-amplexicaulis-pink-elephant","status":"publish","type":"product","link":"https:\/\/dev.garden.ee\/en\/product\/persicaria-amplexicaulis-pink-elephant\/","title":{"rendered":"Persicaria amplexicaulis &#8216;Pink Elephant&#8217;"},"content":{"rendered":"<input class=\"fooboxshare_post_id\" type=\"hidden\" value=\"7053\"\/>","protected":false},"excerpt":{"rendered":"<p>Kompaktne, j\u00f5ulise kasvuga, tihedaid klumpe moodustav p\u00fcsik. Kitsad, teravate tippudega lehed on nahkse l\u00e4ikega, keskmiselt rohelised ja paiknevad \u00f5ievartel kuni 10 cm vahedega. Kesksuvest s\u00fcgiseni kaunistavad taime roosad, pikad ja peenikesed, otstest kaarduvad \u00f5isikud, millel rohked pisikesed kellukeselaadsed \u00f5ied. S\u00fcgiseti, p\u00e4rast \u00f5itsemist, l\u00f5ika taim tagasi.<\/p>","protected":false},"featured_media":7054,"template":"","meta":[],"product_brand":[],"product_cat":[4415,4401,4409,4392,22],"product_tag":[],"class_list":{"0":"post-7053","1":"product","2":"type-product","3":"status-publish","4":"has-post-thumbnail","6":"product_cat-lilleaed","7":"product_cat-pusikud","8":"product_cat-tiigiaed","9":"product_cat-tiigitaimed","10":"product_cat-taimed","11":"pa_haiguskindlus-vaga-hea","12":"pa_moodud-k-40-45-cm-l-45-60-cm","13":"pa_oie-varv-roosa","14":"pa_oitsemise-aeg-juuli-august","15":"pa_talvekindlus-vaga-hea","16":"pa_tsoon-z-4-9","17":"pa_variatsioon-suurem-pott","18":"pa_variatsioon-vaiksem-pott","20":"first","21":"outofstock","22":"purchasable","23":"product-type-variable"},"acf":[],"_links":{"self":[{"href":"https:\/\/dev.garden.ee\/en\/wp-json\/wp\/v2\/product\/7053","targetHints":{"allow":["GET"]}}],"collection":[{"href":"https:\/\/dev.garden.ee\/en\/wp-json\/wp\/v2\/product"}],"about":[{"href":"https:\/\/dev.garden.ee\/en\/wp-json\/wp\/v2\/types\/product"}],"wp:featuredmedia":[{"embeddable":true,"href":"https:\/\/dev.garden.ee\/en\/wp-json\/wp\/v2\/media\/7054"}],"wp:attachment":[{"href":"https:\/\/dev.garden.ee\/en\/wp-json\/wp\/v2\/media?parent=7053"}],"wp:term":[{"taxonomy":"product_brand","embeddable":true,"href":"https:\/\/dev.garden.ee\/en\/wp-json\/wp\/v2\/product_brand?post=7053"},{"taxonomy":"product_cat","embeddable":true,"href":"https:\/\/dev.garden.ee\/en\/wp-json\/wp\/v2\/product_cat?post=7053"},{"taxonomy":"product_tag","embeddable":true,"href":"https:\/\/dev.garden.ee\/en\/wp-json\/wp\/v2\/product_tag?post=7053"}],"curies":[{"name":"wp","href":"https:\/\/api.w.org\/{rel}","templated":true}]}}