{"id":7048,"date":"2023-01-18T17:55:12","date_gmt":"2023-01-18T15:55:12","guid":{"rendered":"https:\/\/dev.zezz.ee\/garden\/toode\/paronychia-kapela-ssp-serpyllifolia-uus\/"},"modified":"2026-03-05T12:59:36","modified_gmt":"2026-03-05T10:59:36","slug":"paronychia-kapela-ssp-serpyllifolia","status":"publish","type":"product","link":"https:\/\/dev.garden.ee\/en\/product\/paronychia-kapela-ssp-serpyllifolia\/","title":{"rendered":"Paronychia kapela ssp. serpyllifolia"},"content":{"rendered":"<input class=\"fooboxshare_post_id\" type=\"hidden\" value=\"7048\"\/>","protected":false},"excerpt":{"rendered":"<p>Madal ning kompaktne kiviktaimlasse soblilik pinnakatja. Moodustab tiheda h\u00f5be-roheliste lehekestega vaiba, mis s\u00fcgise hakul oran\u017eika tooni v\u00f5tab. \u00d5itev\u00e4rv valge. \u00d5ied tekivad paberja ilmega pooll\u00e4bipaistvate \u00f5iepesade k\u00fclge. Taim on looduslik Prantsusmaal ja Al\u017eeerias.<\/p>","protected":false},"featured_media":7049,"template":"","meta":[],"product_brand":[],"product_cat":[9200,4401,22],"product_tag":[],"class_list":{"0":"post-7048","1":"product","2":"type-product","3":"status-publish","4":"has-post-thumbnail","6":"product_cat-pinnakatjad","7":"product_cat-pusikud","8":"product_cat-taimed","9":"pa_moodud-k-2-5-cm-l-20-30-cm","10":"pa_oie-varv-valge","11":"pa_oitsemise-aeg-juuni-august","12":"pa_tsoon-4-8","13":"pa_variatsioon-suurem-pott","14":"pa_variatsioon-vaiksem-pott","16":"first","17":"outofstock","18":"purchasable","19":"product-type-variable"},"acf":[],"_links":{"self":[{"href":"https:\/\/dev.garden.ee\/en\/wp-json\/wp\/v2\/product\/7048","targetHints":{"allow":["GET"]}}],"collection":[{"href":"https:\/\/dev.garden.ee\/en\/wp-json\/wp\/v2\/product"}],"about":[{"href":"https:\/\/dev.garden.ee\/en\/wp-json\/wp\/v2\/types\/product"}],"wp:featuredmedia":[{"embeddable":true,"href":"https:\/\/dev.garden.ee\/en\/wp-json\/wp\/v2\/media\/7049"}],"wp:attachment":[{"href":"https:\/\/dev.garden.ee\/en\/wp-json\/wp\/v2\/media?parent=7048"}],"wp:term":[{"taxonomy":"product_brand","embeddable":true,"href":"https:\/\/dev.garden.ee\/en\/wp-json\/wp\/v2\/product_brand?post=7048"},{"taxonomy":"product_cat","embeddable":true,"href":"https:\/\/dev.garden.ee\/en\/wp-json\/wp\/v2\/product_cat?post=7048"},{"taxonomy":"product_tag","embeddable":true,"href":"https:\/\/dev.garden.ee\/en\/wp-json\/wp\/v2\/product_tag?post=7048"}],"curies":[{"name":"wp","href":"https:\/\/api.w.org\/{rel}","templated":true}]}}