{"id":702,"date":"2023-01-18T16:37:30","date_gmt":"2023-01-18T14:37:30","guid":{"rendered":"https:\/\/dev.zezz.ee\/garden\/toode\/achillea-millefolium-lachsschonheit\/"},"modified":"2026-02-13T12:08:31","modified_gmt":"2026-02-13T10:08:31","slug":"achillea-millefolium-lachsschonheit","status":"publish","type":"product","link":"https:\/\/dev.garden.ee\/en\/product\/achillea-millefolium-lachsschonheit\/","title":{"rendered":"Achillea millefolium &#8216;Lachssch\u00f6nheit&#8217;"},"content":{"rendered":"<input class=\"fooboxshare_post_id\" type=\"hidden\" value=\"702\"\/>","protected":false},"excerpt":{"rendered":"<p>Pehmete, sulgjate, tumedamate, hallikas-roheliste lehtedega p\u00fcsik. L\u00f5heroosad \u00f5ied pleegivad hiljem heledamaks, kuni valgeks. \u00d5isikud on suured ja lamedad. V\u00e4hen\u00f5udlik ja hea p\u00f5uataluvusega taim,\u00a0lepib ka poolvarjulise kasvukoha ja savise mullaga. Liblikate lemmik. \u00d5itseb pikalt ja rikkalikult.\u00a0\u00a0K\u00f5ige paremini tunneb end taim kuivemas, p\u00e4ikeselisemas ja kindlasti tuulevaikses kasvukohas. Ta talub h\u00e4sti kuuma suvep\u00e4ikest. Raudrohud n\u00e4evad v\u00e4rskemad ja uhkemad v\u00e4lja, kui nende h\u00e4\u00e4bunud \u00f5ied pidevalt \u00e4ra l\u00f5igata. Peale \u00f5itsemist v\u00f5ib taime tagasi l\u00f5igata kuni p\u00f5hilehtedeni v\u00e4lja, on v\u00f5imalus saada ta s\u00fcgisepoole uuesti \u00f5itsema. Iga 3-4 aasta j\u00e4rel tuleks taime jagada.<\/p>","protected":false},"featured_media":25204,"template":"","meta":[],"product_brand":[],"product_cat":[4407,4415,4413,4401,22],"product_tag":[],"class_list":{"0":"post-702","1":"product","2":"type-product","3":"status-publish","4":"has-post-thumbnail","6":"product_cat-aasad","7":"product_cat-lilleaed","8":"product_cat-loikelilleaed","9":"product_cat-pusikud","10":"product_cat-taimed","11":"pa_haiguskindlus-hea","12":"pa_lisainfo-janese-kahjustustele-vastupidav","13":"pa_moodud-k-60-cm","14":"pa_moodud-l-50-cm","15":"pa_oie-varv-roosa","16":"pa_oitsemise-aeg-juuni-august","17":"pa_talvekindlus-vaga-hea","18":"pa_tingimused-kuivema-poolsem","19":"pa_tingimused-vaheviljakas","20":"pa_tsoon-3-9","21":"pa_valguse-tingimused-paike","22":"pa_variatsioon-suurem-pott","23":"pa_variatsioon-vaiksem-pott","25":"first","26":"onbackorder","27":"purchasable","28":"product-type-variable"},"acf":[],"_links":{"self":[{"href":"https:\/\/dev.garden.ee\/en\/wp-json\/wp\/v2\/product\/702","targetHints":{"allow":["GET"]}}],"collection":[{"href":"https:\/\/dev.garden.ee\/en\/wp-json\/wp\/v2\/product"}],"about":[{"href":"https:\/\/dev.garden.ee\/en\/wp-json\/wp\/v2\/types\/product"}],"wp:featuredmedia":[{"embeddable":true,"href":"https:\/\/dev.garden.ee\/en\/wp-json\/wp\/v2\/media\/25204"}],"wp:attachment":[{"href":"https:\/\/dev.garden.ee\/en\/wp-json\/wp\/v2\/media?parent=702"}],"wp:term":[{"taxonomy":"product_brand","embeddable":true,"href":"https:\/\/dev.garden.ee\/en\/wp-json\/wp\/v2\/product_brand?post=702"},{"taxonomy":"product_cat","embeddable":true,"href":"https:\/\/dev.garden.ee\/en\/wp-json\/wp\/v2\/product_cat?post=702"},{"taxonomy":"product_tag","embeddable":true,"href":"https:\/\/dev.garden.ee\/en\/wp-json\/wp\/v2\/product_tag?post=702"}],"curies":[{"name":"wp","href":"https:\/\/api.w.org\/{rel}","templated":true}]}}