{"id":6997,"date":"2023-01-18T17:54:39","date_gmt":"2023-01-18T15:54:39","guid":{"rendered":"https:\/\/dev.zezz.ee\/garden\/toode\/mentha-suaveolens-pineapple-mint\/"},"modified":"2026-03-02T21:08:09","modified_gmt":"2026-03-02T19:08:09","slug":"mentha-suaveolens-pineapple-mint","status":"publish","type":"product","link":"https:\/\/dev.garden.ee\/en\/product\/mentha-suaveolens-pineapple-mint\/","title":{"rendered":"Mentha suaveolens &#8216;Pineapple Mint&#8217; \/ &#8216;Variegata&#8217;"},"content":{"rendered":"<input class=\"fooboxshare_post_id\" type=\"hidden\" value=\"6997\"\/>","protected":false},"excerpt":{"rendered":"<p>Aromaatsed \u00f5una meenutava l\u00f5hnaga risoomsed p\u00fcsikud kauni valge-rohelisekirju lehestikuga. Sakilise servaga \u00f5rnkarvased lehed teevad sellest k\u00fcllaltki ornamentse p\u00fcsiku. \u00d5ied lillakad, n\u00e4htavad suve l\u00f5pus. Kasvamiseks eelistab poolvarjulist ala, saab hakkama ka lausp\u00e4ikese k\u00e4es. \u00dcsnagi invasiivse loomuga.<\/p>","protected":false},"featured_media":6998,"template":"","meta":[],"product_brand":[],"product_cat":[4401,4410,4411,4393,22],"product_tag":[],"class_list":{"0":"post-6997","1":"product","2":"type-product","3":"status-publish","4":"has-post-thumbnail","6":"product_cat-pusikud","7":"product_cat-tarbeaed","8":"product_cat-urdiaed","9":"product_cat-urdid","10":"product_cat-taimed","11":"pa_haiguskindlus-keskmine","12":"pa_moodud-k-30-40-cm-l-50-100-cm","13":"pa_oie-varv-lilla","14":"pa_oitsemise-aeg-august-september","15":"pa_tsoon-z-5-9","16":"pa_variatsioon-suurem-pott","18":"first","19":"outofstock","20":"purchasable","21":"product-type-variable"},"acf":[],"_links":{"self":[{"href":"https:\/\/dev.garden.ee\/en\/wp-json\/wp\/v2\/product\/6997","targetHints":{"allow":["GET"]}}],"collection":[{"href":"https:\/\/dev.garden.ee\/en\/wp-json\/wp\/v2\/product"}],"about":[{"href":"https:\/\/dev.garden.ee\/en\/wp-json\/wp\/v2\/types\/product"}],"wp:featuredmedia":[{"embeddable":true,"href":"https:\/\/dev.garden.ee\/en\/wp-json\/wp\/v2\/media\/6998"}],"wp:attachment":[{"href":"https:\/\/dev.garden.ee\/en\/wp-json\/wp\/v2\/media?parent=6997"}],"wp:term":[{"taxonomy":"product_brand","embeddable":true,"href":"https:\/\/dev.garden.ee\/en\/wp-json\/wp\/v2\/product_brand?post=6997"},{"taxonomy":"product_cat","embeddable":true,"href":"https:\/\/dev.garden.ee\/en\/wp-json\/wp\/v2\/product_cat?post=6997"},{"taxonomy":"product_tag","embeddable":true,"href":"https:\/\/dev.garden.ee\/en\/wp-json\/wp\/v2\/product_tag?post=6997"}],"curies":[{"name":"wp","href":"https:\/\/api.w.org\/{rel}","templated":true}]}}